{"id":587,"date":"2018-06-08T12:29:00","date_gmt":"2018-06-08T10:29:00","guid":{"rendered":"http:\/\/www.diakonie-marbach.de\/?page_id=587"},"modified":"2021-03-15T16:40:50","modified_gmt":"2021-03-15T15:40:50","slug":"kurberatung","status":"publish","type":"page","link":"https:\/\/www.diakonie-marbach.de\/index.php\/kurberatung\/","title":{"rendered":"Kurberatung"},"content":{"rendered":"<p><img fetchpriority=\"high\" decoding=\"async\" class=\"alignleft wp-image-1573 size-large\" src=\"https:\/\/www.diakonie-marbach.de\/wp-content\/uploads\/banner-1079234_1920-1024x322.jpg\" alt=\"\" width=\"1024\" height=\"322\" srcset=\"https:\/\/www.diakonie-marbach.de\/wp-content\/uploads\/banner-1079234_1920-1024x322.jpg 1024w, https:\/\/www.diakonie-marbach.de\/wp-content\/uploads\/banner-1079234_1920-300x94.jpg 300w, https:\/\/www.diakonie-marbach.de\/wp-content\/uploads\/banner-1079234_1920-768x241.jpg 768w, https:\/\/www.diakonie-marbach.de\/wp-content\/uploads\/banner-1079234_1920.jpg 1920w\" sizes=\"(max-width: 1024px) 100vw, 1024px\" \/><\/p>\r\n<p>Viele Frauen sind heute der Mehrfachbelastung ausgesetzt und meistern Kindererziehung, Haushalt und Beruf gleichzeitig.<br \/>Oft kommen dazu noch finanzielle Sorgen, Partnerschaftsprobleme oder auch die Pflege Angeh\u00f6riger.<br \/>Viele M\u00fctter sind alleinerziehend und mit den Anforderungen ganz auf sich allein gestellt.<br \/>Weil M\u00fctter weiter f\u00fcr ihre Familie funktionieren wollen, stellen sie ihre Bed\u00fcrfnisse hintenan und dies f\u00fchrt oft zu Gesundheitsbeeintr\u00e4chtigungen.<br \/>Symptome wie Ersch\u00f6pfung, Unruhe, Schlafst\u00f6rungen, Magen-Darm-St\u00f6rungen, Kopf- und R\u00fcckenschmerzen\u00a0 sind unter anderem Anzeichen, die zu einer Krankheit f\u00fchren k\u00f6nnen.<\/p>\r\n<p>Als Beratungsstelle des M\u00fcttergenesungswerks unterst\u00fctzen wir Sie bei<\/p>\r\n<ul>\r\n<li style=\"list-style-type: none;\">\r\n<ul>\r\n<li>der Frage, ob M\u00fctter- oder Mutter-Kind-Kur<\/li>\r\n<li>der Antragstellung f\u00fcr die Kurma\u00dfnahme<\/li>\r\n<li>der Suche nach einer passenden Einrichtung<\/li>\r\n<li>Ablehnung durch die Krankenkasse<\/li>\r\n<li>der Beantragung finanzieller Hilfen<\/li>\r\n<\/ul>\r\n<\/li>\r\n<\/ul>\r\n<p>Das Angebot f\u00fcr eine Kurma\u00dfnahme gibt es auch f\u00fcr V\u00e4ter, die ebenso in der Erziehungsverantwortung stehen.<br \/><strong>Termine<\/strong> zur Kurberatung bei Claudia Hiller-Melcher vereinbaren Sie bitte von Montag bis Donnerstag 9:00\u00a0 &#8211; 12:00 Uhr und Dienstag bis 17:30 Uhr unter: \u00a0<strong>07144 &#8211; 97375<br \/><\/strong>Mit der M\u00f6glichkeit f\u00fcr ein pers\u00f6nliches Gespr\u00e4ch nach der Kur bieten wir im Rahmen der Therapeutischen Kette auch Nachsorge an.<\/p>\r\n<p>&nbsp;<\/p>\r\n<p>&nbsp;<\/p>\r\n<p>&nbsp;<\/p>\r\n<p>&nbsp;<\/p>\r\n\r\n<p>&nbsp;<\/p>\r\n","protected":false},"excerpt":{"rendered":"<p>Viele Frauen sind heute der Mehrfachbelastung ausgesetzt und meistern Kindererziehung, Haushalt und Beruf gleichzeitig.Oft kommen dazu noch finanzielle Sorgen, Partnerschaftsprobleme oder auch die Pflege Angeh\u00f6riger.Viele M\u00fctter sind alleinerziehend und mit den Anforderungen ganz auf sich allein gestellt.Weil M\u00fctter weiter f\u00fcr ihre Familie funktionieren wollen, stellen sie ihre Bed\u00fcrfnisse hintenan und dies f\u00fchrt oft zu Gesundheitsbeeintr\u00e4chtigungen.Symptome wie Ersch\u00f6pfung, Unruhe, Schlafst\u00f6rungen, Magen-Darm-St\u00f6rungen, Kopf- und R\u00fcckenschmerzen\u00a0 sind unter anderem Anzeichen, die zu einer Krankheit f\u00fchren k\u00f6nnen. Als Beratungsstelle des M\u00fcttergenesungswerks unterst\u00fctzen wir Sie bei der Frage, ob M\u00fctter- oder Mutter-Kind-Kur der Antragstellung f\u00fcr die Kurma\u00dfnahme der Suche nach einer passenden Einrichtung Ablehnung durch die Krankenkasse der Beantragung finanzieller Hilfen Das Angebot f\u00fcr eine Kurma\u00dfnahme gibt es auch f\u00fcr V\u00e4ter, die ebenso in der Erziehungsverantwortung stehen.Termine zur Kurberatung bei Claudia Hiller-Melcher vereinbaren Sie bitte von Montag bis Donnerstag 9:00\u00a0 &#8211; 12:00 Uhr und Dienstag bis 17:30 Uhr unter: \u00a007144 &#8211; 97375Mit der M\u00f6glichkeit f\u00fcr ein pers\u00f6nliches Gespr\u00e4ch nach der Kur bieten wir im Rahmen der Therapeutischen Kette auch Nachsorge an. &nbsp; &nbsp; &nbsp; &nbsp; &nbsp;<\/p>\n","protected":false},"author":1,"featured_media":1573,"parent":0,"menu_order":0,"comment_status":"closed","ping_status":"closed","template":"","meta":{"ngg_post_thumbnail":0,"footnotes":""},"class_list":["post-587","page","type-page","status-publish","has-post-thumbnail","hentry"],"_links":{"self":[{"href":"https:\/\/www.diakonie-marbach.de\/index.php\/wp-json\/wp\/v2\/pages\/587","targetHints":{"allow":["GET"]}}],"collection":[{"href":"https:\/\/www.diakonie-marbach.de\/index.php\/wp-json\/wp\/v2\/pages"}],"about":[{"href":"https:\/\/www.diakonie-marbach.de\/index.php\/wp-json\/wp\/v2\/types\/page"}],"author":[{"embeddable":true,"href":"https:\/\/www.diakonie-marbach.de\/index.php\/wp-json\/wp\/v2\/users\/1"}],"replies":[{"embeddable":true,"href":"https:\/\/www.diakonie-marbach.de\/index.php\/wp-json\/wp\/v2\/comments?post=587"}],"version-history":[{"count":31,"href":"https:\/\/www.diakonie-marbach.de\/index.php\/wp-json\/wp\/v2\/pages\/587\/revisions"}],"predecessor-version":[{"id":2726,"href":"https:\/\/www.diakonie-marbach.de\/index.php\/wp-json\/wp\/v2\/pages\/587\/revisions\/2726"}],"wp:featuredmedia":[{"embeddable":true,"href":"https:\/\/www.diakonie-marbach.de\/index.php\/wp-json\/wp\/v2\/media\/1573"}],"wp:attachment":[{"href":"https:\/\/www.diakonie-marbach.de\/index.php\/wp-json\/wp\/v2\/media?parent=587"}],"curies":[{"name":"wp","href":"https:\/\/api.w.org\/{rel}","templated":true}]}}