{"id":578,"date":"2018-06-08T11:48:55","date_gmt":"2018-06-08T09:48:55","guid":{"rendered":"http:\/\/www.diakonie-marbach.de\/?page_id=578"},"modified":"2023-01-16T12:25:49","modified_gmt":"2023-01-16T11:25:49","slug":"ehe-familien-lebensberatung","status":"publish","type":"page","link":"https:\/\/www.diakonie-marbach.de\/index.php\/ehe-familien-lebensberatung\/","title":{"rendered":"Ehe-Familien-Lebensberatung"},"content":{"rendered":"<p><img fetchpriority=\"high\" decoding=\"async\" class=\"alignleft wp-image-1051 size-medium\" src=\"https:\/\/www.diakonie-marbach.de\/wp-content\/uploads\/waterSteine-pixabay-300x200.jpg\" alt=\"\" width=\"300\" height=\"200\" srcset=\"https:\/\/www.diakonie-marbach.de\/wp-content\/uploads\/waterSteine-pixabay-300x200.jpg 300w, https:\/\/www.diakonie-marbach.de\/wp-content\/uploads\/waterSteine-pixabay-768x512.jpg 768w, https:\/\/www.diakonie-marbach.de\/wp-content\/uploads\/waterSteine-pixabay-1024x683.jpg 1024w, https:\/\/www.diakonie-marbach.de\/wp-content\/uploads\/waterSteine-pixabay.jpg 1920w\" sizes=\"(max-width: 300px) 100vw, 300px\" \/><\/p>\n<p>Bei Schwierigkeiten in der Familie, bei Partnerkonflikten und Trennungssituationen bietet die Ehe- Familie- und Lebensberatung unterst\u00fctzende und begleitende Gespr\u00e4che.<\/p>\n<p>Manchmal erm\u00f6glicht eine Paarberatung die Weiterentwicklung der Partner, gibt neue Impulse f\u00fcr die Partnerschaft und die Erfahrung, dass es sich lohnt, f\u00fcr und an der Beziehung zu arbeiten.<\/p>\n<p>Aber auch Trennung und deren Auswirkungen k\u00f6nnen innerhalb der Beratung thematisiert und er\u00f6rtert werden.<\/p>\n<p>Gemeinsam mit unserer Beraterin, Frau Maurer-Gaus, k\u00f6nnen m\u00f6gliche L\u00f6sungswege erarbeitet und \u00fcberdacht werden.<\/p>\n<p>Wir berechnen einen Kostenbeitrag in H\u00f6he von 50.-\u20ac pro Sitzung.<br \/>\nSollte Ihnen das nicht m\u00f6glich sein, sprechen Sie uns an, wir finden eine L\u00f6sung.<\/p>\n<p>Termine unter: 07144-97375<\/p>\n","protected":false},"excerpt":{"rendered":"<p>Bei Schwierigkeiten in der Familie, bei Partnerkonflikten und Trennungssituationen bietet die Ehe- Familie- und Lebensberatung unterst\u00fctzende und begleitende Gespr\u00e4che. Manchmal erm\u00f6glicht eine Paarberatung die Weiterentwicklung der Partner, gibt neue Impulse f\u00fcr die Partnerschaft und die Erfahrung, dass es sich lohnt, f\u00fcr und an der Beziehung zu arbeiten. Aber auch Trennung und deren Auswirkungen k\u00f6nnen innerhalb der Beratung thematisiert und er\u00f6rtert werden. Gemeinsam mit unserer Beraterin, Frau Maurer-Gaus, k\u00f6nnen m\u00f6gliche L\u00f6sungswege erarbeitet und \u00fcberdacht werden. Wir berechnen einen Kostenbeitrag in H\u00f6he von 50.-\u20ac pro Sitzung. Sollte Ihnen das nicht m\u00f6glich sein, sprechen Sie uns an, wir finden eine L\u00f6sung. Termine unter: 07144-97375<\/p>\n","protected":false},"author":1,"featured_media":560,"parent":0,"menu_order":0,"comment_status":"closed","ping_status":"closed","template":"","meta":{"ngg_post_thumbnail":0,"footnotes":""},"class_list":["post-578","page","type-page","status-publish","has-post-thumbnail","hentry"],"_links":{"self":[{"href":"https:\/\/www.diakonie-marbach.de\/index.php\/wp-json\/wp\/v2\/pages\/578","targetHints":{"allow":["GET"]}}],"collection":[{"href":"https:\/\/www.diakonie-marbach.de\/index.php\/wp-json\/wp\/v2\/pages"}],"about":[{"href":"https:\/\/www.diakonie-marbach.de\/index.php\/wp-json\/wp\/v2\/types\/page"}],"author":[{"embeddable":true,"href":"https:\/\/www.diakonie-marbach.de\/index.php\/wp-json\/wp\/v2\/users\/1"}],"replies":[{"embeddable":true,"href":"https:\/\/www.diakonie-marbach.de\/index.php\/wp-json\/wp\/v2\/comments?post=578"}],"version-history":[{"count":15,"href":"https:\/\/www.diakonie-marbach.de\/index.php\/wp-json\/wp\/v2\/pages\/578\/revisions"}],"predecessor-version":[{"id":4241,"href":"https:\/\/www.diakonie-marbach.de\/index.php\/wp-json\/wp\/v2\/pages\/578\/revisions\/4241"}],"wp:featuredmedia":[{"embeddable":true,"href":"https:\/\/www.diakonie-marbach.de\/index.php\/wp-json\/wp\/v2\/media\/560"}],"wp:attachment":[{"href":"https:\/\/www.diakonie-marbach.de\/index.php\/wp-json\/wp\/v2\/media?parent=578"}],"curies":[{"name":"wp","href":"https:\/\/api.w.org\/{rel}","templated":true}]}}