{"id":547,"date":"2018-06-08T08:49:02","date_gmt":"2018-06-08T06:49:02","guid":{"rendered":"http:\/\/www.diakonie-marbach.de\/?page_id=547"},"modified":"2025-07-30T10:26:22","modified_gmt":"2025-07-30T08:26:22","slug":"sozialberatung","status":"publish","type":"page","link":"https:\/\/www.diakonie-marbach.de\/index.php\/sozialberatung\/","title":{"rendered":"Sozialberatung"},"content":{"rendered":"<p><img fetchpriority=\"high\" decoding=\"async\" class=\"alignleft size-full wp-image-1045\" src=\"https:\/\/www.diakonie-marbach.de\/wp-content\/uploads\/Next-step-Gerd-Altmann-\u2022-Freiburg.jpg\" alt=\"\" width=\"1920\" height=\"516\" srcset=\"https:\/\/www.diakonie-marbach.de\/wp-content\/uploads\/Next-step-Gerd-Altmann-\u2022-Freiburg.jpg 1920w, https:\/\/www.diakonie-marbach.de\/wp-content\/uploads\/Next-step-Gerd-Altmann-\u2022-Freiburg-300x81.jpg 300w, https:\/\/www.diakonie-marbach.de\/wp-content\/uploads\/Next-step-Gerd-Altmann-\u2022-Freiburg-768x206.jpg 768w, https:\/\/www.diakonie-marbach.de\/wp-content\/uploads\/Next-step-Gerd-Altmann-\u2022-Freiburg-1024x275.jpg 1024w\" sizes=\"(max-width: 1920px) 100vw, 1920px\" \/><\/p>\n<p>Wo entlang gehen?<br \/>\nWer kann mich unterst\u00fctzen?<br \/>\nWelches sind meine n\u00e4chsten Schritte?<\/p>\n<p>Besch\u00e4ftigen Sie sich ebenfalls mit derlei Fragen?<\/p>\n<p>Oder sind Ihre Fragen schon ganz konkret?<br \/>\nProbleme mit der Miete?<br \/>\nSie verstehen den Brief vom Amt nicht so recht?<br \/>\nWohngeld, Kinderzuschlag, Grundsicherung im Alter oder das neue B\u00fcrgergeld?<\/p>\n<p>Sie haben Sorgen und Probleme und wissen nicht mehr weiter?<\/p>\n<p>Die Diakonische Bezirksstelle bietet Ihnen eine Sozialberatung an, bei der wir gemeinsam \u00fcberlegen, welches die n\u00e4chsten Schritte sein k\u00f6nnen und wie das Problem, oder die Probleme, gel\u00f6st werden k\u00f6nnen.<\/p>\n<p>Die Beratung ist offen f\u00fcr Alle und ist selbstverst\u00e4ndlich kostenlos.<\/p>\n<p>Um telefonische Anmeldung wird gebeten.<br \/>\nBei dringenden Angelegenheiten d\u00fcrfen Sie gerne in der Bezirksstelle vorbeikommen.<\/p>\n<h3><span style=\"color: #3366ff;\">Diakonische Bezirksstelle Marbach a.N. Bahnhofstr. 10<br \/>\n<\/span><span style=\"color: #3366ff;\">71672 Marbach a.N.<\/span><\/h3>\n<p>Telefon: 07144-97375 Fax: 07144-17605<br \/>\nE-Mail: info@diakonie-marbach.de<br \/>\nwww.diakonie-marbach.de<br \/>\nSprechzeiten: Montag und Donnerstag von 8:30 Uhr bis 11:30 Uhr<br \/>\nDienstag 14:30 Uhr bis 17:30 Uhr<\/p>\n<p><strong>Au\u00dfensprechstunde in Beilstein<\/strong> (nur nach telefonsicher Anmeldung):<br \/>\nam 4. Dienstag im Monat im Rathaus,<br \/>\n1. Stock Dienstag 10:15 Uhr bis 12:00 Uhr.<\/p>\n<p><strong><span style=\"color: #ff0000;\">(Eine Beratung in Beilstein ist zur Zeit nicht m\u00f6glich. Tafelkarten werden in Marbach ausgestellt, oder per Post)<\/span><\/strong><\/p>\n","protected":false},"excerpt":{"rendered":"<p>Wo entlang gehen? Wer kann mich unterst\u00fctzen? Welches sind meine n\u00e4chsten Schritte? Besch\u00e4ftigen Sie sich ebenfalls mit derlei Fragen? Oder sind Ihre Fragen schon ganz konkret? Probleme mit der Miete? Sie verstehen den Brief vom Amt nicht so recht? Wohngeld, Kinderzuschlag, Grundsicherung im Alter oder das neue B\u00fcrgergeld? Sie haben Sorgen und Probleme und wissen nicht mehr weiter? Die Diakonische Bezirksstelle bietet Ihnen eine Sozialberatung an, bei der wir gemeinsam \u00fcberlegen, welches die n\u00e4chsten Schritte sein k\u00f6nnen und wie das Problem, oder die Probleme, gel\u00f6st werden k\u00f6nnen. Die Beratung ist offen f\u00fcr Alle und ist selbstverst\u00e4ndlich kostenlos. Um telefonische Anmeldung wird gebeten. Bei dringenden Angelegenheiten d\u00fcrfen Sie gerne in der Bezirksstelle vorbeikommen. Diakonische Bezirksstelle Marbach a.N. Bahnhofstr. 10 71672 Marbach a.N. Telefon: 07144-97375 Fax: 07144-17605 E-Mail: info@diakonie-marbach.de www.diakonie-marbach.de Sprechzeiten: Montag und Donnerstag von 8:30 Uhr bis 11:30 Uhr Dienstag 14:30 Uhr bis 17:30 Uhr Au\u00dfensprechstunde in Beilstein (nur nach telefonsicher Anmeldung): am 4. Dienstag im Monat im Rathaus, 1. Stock Dienstag 10:15 Uhr bis 12:00 Uhr. (Eine Beratung in Beilstein ist zur Zeit nicht m\u00f6glich. Tafelkarten werden in Marbach ausgestellt, oder per Post)<\/p>\n","protected":false},"author":1,"featured_media":0,"parent":0,"menu_order":0,"comment_status":"closed","ping_status":"closed","template":"","meta":{"ngg_post_thumbnail":0,"footnotes":""},"class_list":["post-547","page","type-page","status-publish","hentry"],"_links":{"self":[{"href":"https:\/\/www.diakonie-marbach.de\/index.php\/wp-json\/wp\/v2\/pages\/547","targetHints":{"allow":["GET"]}}],"collection":[{"href":"https:\/\/www.diakonie-marbach.de\/index.php\/wp-json\/wp\/v2\/pages"}],"about":[{"href":"https:\/\/www.diakonie-marbach.de\/index.php\/wp-json\/wp\/v2\/types\/page"}],"author":[{"embeddable":true,"href":"https:\/\/www.diakonie-marbach.de\/index.php\/wp-json\/wp\/v2\/users\/1"}],"replies":[{"embeddable":true,"href":"https:\/\/www.diakonie-marbach.de\/index.php\/wp-json\/wp\/v2\/comments?post=547"}],"version-history":[{"count":35,"href":"https:\/\/www.diakonie-marbach.de\/index.php\/wp-json\/wp\/v2\/pages\/547\/revisions"}],"predecessor-version":[{"id":5456,"href":"https:\/\/www.diakonie-marbach.de\/index.php\/wp-json\/wp\/v2\/pages\/547\/revisions\/5456"}],"wp:attachment":[{"href":"https:\/\/www.diakonie-marbach.de\/index.php\/wp-json\/wp\/v2\/media?parent=547"}],"curies":[{"name":"wp","href":"https:\/\/api.w.org\/{rel}","templated":true}]}}