{"id":3671,"date":"2022-07-27T13:38:01","date_gmt":"2022-07-27T11:38:01","guid":{"rendered":"https:\/\/www.diakonie-marbach.de\/?page_id=3671"},"modified":"2023-03-13T12:41:33","modified_gmt":"2023-03-13T11:41:33","slug":"warum-gleis-7","status":"publish","type":"page","link":"https:\/\/www.diakonie-marbach.de\/index.php\/warum-gleis-7\/","title":{"rendered":"Warum Gleis 7 ?"},"content":{"rendered":"\t\t<div data-elementor-type=\"wp-page\" data-elementor-id=\"3671\" class=\"elementor elementor-3671\">\n\t\t\t\t\t\t<section class=\"elementor-section elementor-top-section elementor-element elementor-element-78cb1de4 elementor-section-boxed elementor-section-height-default elementor-section-height-default\" data-id=\"78cb1de4\" data-element_type=\"section\" data-e-type=\"section\">\n\t\t\t\t\t\t<div class=\"elementor-container elementor-column-gap-default\">\n\t\t\t\t\t<div class=\"elementor-column elementor-col-100 elementor-top-column elementor-element elementor-element-2ffba47c\" data-id=\"2ffba47c\" data-element_type=\"column\" data-e-type=\"column\">\n\t\t\t<div class=\"elementor-widget-wrap elementor-element-populated\">\n\t\t\t\t\t\t<div class=\"elementor-element elementor-element-4b4d3b5d elementor-widget elementor-widget-text-editor\" data-id=\"4b4d3b5d\" data-element_type=\"widget\" data-e-type=\"widget\" data-widget_type=\"text-editor.default\">\n\t\t\t\t<div class=\"elementor-widget-container\">\n\t\t\t\t\t\t\t\t\t<h3>Unser Laden hei\u00dft Gleis 7. Warum eigentlich?<\/h3>\n<ul>\n<li>Es gibt sieben Tods\u00fcnden.<\/li>\n<li>Es gibt sieben Haupttugenden.<\/li>\n<li>In der katholischen Kirche gibt es sieben Sakramente (bei uns Evangelischen nur zwei)<br><\/li>\n<li>Es gibt sieben Erzengel.<\/li>\n<li>In der Bibel im Buch Genesis, Kapitel 41, gibt es die Geschichte vom \u201cTraum des Pharao\u201d. Dieser tr\u00e4umte von sieben mageren und sieben fetten K\u00fchen. Er tr\u00e4umte von sieben guten und sieben schlechten \u00c4hren. Was folgte, waren sieben fette Jahre und sieben magere Jahre.<\/li>\n<li>Die Offenbarung des Johannes ist ein Brief an sieben Gemeinden. In der Offenbarung wird die Apokalypse vorhergesagt. Es wird von einem Buch mit sieben Siegeln, sieben Engeln, sieben Posaunen, sieben Schalen, sieben Plagen und einem siebenk\u00f6pfigen Tier berichtet.<\/li>\n<li>Das Judentum und der Islam kennen den siebten Himmel.<\/li>\n<li>Es gab die sieben Gaben des heiligen Geistes.<\/li>\n<li>Die Welt wurde in sieben Tagen erschaffen. (7 Sch\u00f6pfungstage)<\/li>\n<li>Der Sabbat findet am siebten Tag der Woche statt.<\/li>\n<li>Die Menora ist ein siebenarmiger Leuchter.<\/li>\n<li>Das Vaterunser besteht aus sieben Bitten.<\/li>\n<li>W\u00e4hrend seiner Kreuzigung sprach Jesu Christi sieben Worte. Diese sind als die \u201csieben letzten Worte\u201d bekannt.<\/li>\n<li>In Rom gibt es sieben Pilgerkirchen, die auf einer Pilgerreise eine besondere Rolle spielen.<\/li>\n<li>In der Bibel wird die sieben 770-mal erw\u00e4hnt.<\/li>\n<\/ul>\n<p>So, jetzt wissen Sie Bescheid&#8230;. \ud83d\ude42<\/p>\t\t\t\t\t\t\t\t<\/div>\n\t\t\t\t<\/div>\n\t\t\t\t\t<\/div>\n\t\t<\/div>\n\t\t\t\t\t<\/div>\n\t\t<\/section>\n\t\t\t\t<\/div>\n\t\t","protected":false},"excerpt":{"rendered":"<p>Unser Laden hei\u00dft Gleis 7. Warum eigentlich? Es gibt sieben Tods\u00fcnden. Es gibt sieben Haupttugenden. In der katholischen Kirche gibt es sieben Sakramente (bei uns Evangelischen nur zwei) Es gibt sieben Erzengel. In der Bibel im Buch Genesis, Kapitel 41, gibt es die Geschichte vom \u201cTraum des Pharao\u201d. Dieser tr\u00e4umte von sieben mageren und sieben fetten K\u00fchen. Er tr\u00e4umte von sieben guten und sieben schlechten \u00c4hren. Was folgte, waren sieben fette Jahre und sieben magere Jahre. Die Offenbarung des Johannes ist ein Brief an sieben Gemeinden. In der Offenbarung wird die Apokalypse vorhergesagt. Es wird von einem Buch mit sieben Siegeln, sieben Engeln, sieben Posaunen, sieben Schalen, sieben Plagen und einem siebenk\u00f6pfigen Tier berichtet. Das Judentum und der Islam kennen den siebten Himmel. Es gab die sieben Gaben des heiligen Geistes. Die Welt wurde in sieben Tagen erschaffen. (7 Sch\u00f6pfungstage) Der Sabbat findet am siebten Tag der Woche statt. Die Menora ist ein siebenarmiger Leuchter. Das Vaterunser besteht aus sieben Bitten. W\u00e4hrend seiner Kreuzigung sprach Jesu Christi sieben Worte. Diese sind als die \u201csieben letzten Worte\u201d bekannt. In Rom gibt es sieben Pilgerkirchen, die auf einer Pilgerreise eine besondere Rolle spielen. In der Bibel wird die sieben 770-mal erw\u00e4hnt. So, jetzt wissen Sie Bescheid&#8230;. \ud83d\ude42<\/p>\n","protected":false},"author":1,"featured_media":0,"parent":0,"menu_order":0,"comment_status":"closed","ping_status":"closed","template":"","meta":{"ngg_post_thumbnail":0,"footnotes":""},"class_list":["post-3671","page","type-page","status-publish","hentry"],"_links":{"self":[{"href":"https:\/\/www.diakonie-marbach.de\/index.php\/wp-json\/wp\/v2\/pages\/3671","targetHints":{"allow":["GET"]}}],"collection":[{"href":"https:\/\/www.diakonie-marbach.de\/index.php\/wp-json\/wp\/v2\/pages"}],"about":[{"href":"https:\/\/www.diakonie-marbach.de\/index.php\/wp-json\/wp\/v2\/types\/page"}],"author":[{"embeddable":true,"href":"https:\/\/www.diakonie-marbach.de\/index.php\/wp-json\/wp\/v2\/users\/1"}],"replies":[{"embeddable":true,"href":"https:\/\/www.diakonie-marbach.de\/index.php\/wp-json\/wp\/v2\/comments?post=3671"}],"version-history":[{"count":20,"href":"https:\/\/www.diakonie-marbach.de\/index.php\/wp-json\/wp\/v2\/pages\/3671\/revisions"}],"predecessor-version":[{"id":4258,"href":"https:\/\/www.diakonie-marbach.de\/index.php\/wp-json\/wp\/v2\/pages\/3671\/revisions\/4258"}],"wp:attachment":[{"href":"https:\/\/www.diakonie-marbach.de\/index.php\/wp-json\/wp\/v2\/media?parent=3671"}],"curies":[{"name":"wp","href":"https:\/\/api.w.org\/{rel}","templated":true}]}}