{"id":3621,"date":"2022-05-24T12:31:57","date_gmt":"2022-05-24T10:31:57","guid":{"rendered":"https:\/\/www.diakonie-marbach.de\/?page_id=3621"},"modified":"2025-12-15T13:21:51","modified_gmt":"2025-12-15T12:21:51","slug":"ab-1-juli","status":"publish","type":"page","link":"https:\/\/www.diakonie-marbach.de\/index.php\/ab-1-juli\/","title":{"rendered":"Secondhand-Laden &#8222;Gleis 7&#8220;"},"content":{"rendered":"\t\t<div data-elementor-type=\"wp-page\" data-elementor-id=\"3621\" class=\"elementor elementor-3621\">\n\t\t\t\t\t\t<section class=\"elementor-section elementor-top-section elementor-element elementor-element-5c1c3893 elementor-section-boxed elementor-section-height-default elementor-section-height-default\" data-id=\"5c1c3893\" data-element_type=\"section\" data-e-type=\"section\">\n\t\t\t\t\t\t<div class=\"elementor-container elementor-column-gap-default\">\n\t\t\t\t\t<div class=\"elementor-column elementor-col-100 elementor-top-column elementor-element elementor-element-25b513b0\" data-id=\"25b513b0\" data-element_type=\"column\" data-e-type=\"column\">\n\t\t\t<div class=\"elementor-widget-wrap elementor-element-populated\">\n\t\t\t\t\t\t<div class=\"elementor-element elementor-element-987ae11 elementor-widget elementor-widget-image\" data-id=\"987ae11\" data-element_type=\"widget\" data-e-type=\"widget\" data-widget_type=\"image.default\">\n\t\t\t\t<div class=\"elementor-widget-container\">\n\t\t\t\t\t\t\t\t\t\t\t\t<figure class=\"wp-caption\">\n\t\t\t\t\t\t\t\t\t\t<img fetchpriority=\"high\" decoding=\"async\" width=\"960\" height=\"624\" src=\"https:\/\/www.diakonie-marbach.de\/wp-content\/uploads\/2025-12-9-Diakonieladen-Spenden-klein-1024x666.jpg\" class=\"attachment-large size-large wp-image-5577\" alt=\"\" srcset=\"https:\/\/www.diakonie-marbach.de\/wp-content\/uploads\/2025-12-9-Diakonieladen-Spenden-klein-1024x666.jpg 1024w, https:\/\/www.diakonie-marbach.de\/wp-content\/uploads\/2025-12-9-Diakonieladen-Spenden-klein-300x195.jpg 300w, https:\/\/www.diakonie-marbach.de\/wp-content\/uploads\/2025-12-9-Diakonieladen-Spenden-klein-768x500.jpg 768w, https:\/\/www.diakonie-marbach.de\/wp-content\/uploads\/2025-12-9-Diakonieladen-Spenden-klein-1140x741.jpg 1140w, https:\/\/www.diakonie-marbach.de\/wp-content\/uploads\/2025-12-9-Diakonieladen-Spenden-klein.jpg 1519w\" sizes=\"(max-width: 960px) 100vw, 960px\" \/>\t\t\t\t\t\t\t\t\t\t\t<figcaption class=\"widget-image-caption wp-caption-text\">Bild: Dekan Dr. Ekkehard Graf<\/figcaption>\n\t\t\t\t\t\t\t\t\t\t<\/figure>\n\t\t\t\t\t\t\t\t\t<\/div>\n\t\t\t\t<\/div>\n\t\t\t\t<div class=\"elementor-element elementor-element-71c9f0c elementor-widget elementor-widget-text-editor\" data-id=\"71c9f0c\" data-element_type=\"widget\" data-e-type=\"widget\" data-widget_type=\"text-editor.default\">\n\t\t\t\t<div class=\"elementor-widget-container\">\n\t\t\t\t\t\t\t\t\t<h4 style=\"text-align: center;\"><span style=\"color: #ff0000;\">Neun soziale Organisationen aus dem Landkreis Ludwigsburg wurden mit jeweils 3000.-\u20ac durch die Arbeit des Gleis 7 unterst\u00fctzt.<\/span><\/h4><h4 style=\"text-align: center;\"><span style=\"color: #ff0000;\">Herzlichen Dank allen SpenderInnen<br \/>und vor allem: gro\u00dfen Dank an das phantastische Team im Gleis 7. <\/span><\/h4><h1 style=\"text-align: center;\"><strong><span style=\"color: #ff0000;\">Bravo!<\/span><\/strong><\/h1>\t\t\t\t\t\t\t\t<\/div>\n\t\t\t\t<\/div>\n\t\t\t\t<section class=\"elementor-section elementor-inner-section elementor-element elementor-element-0920565 elementor-section-boxed elementor-section-height-default elementor-section-height-default\" data-id=\"0920565\" data-element_type=\"section\" data-e-type=\"section\">\n\t\t\t\t\t\t<div class=\"elementor-container elementor-column-gap-default\">\n\t\t\t\t\t<div class=\"elementor-column elementor-col-100 elementor-inner-column elementor-element elementor-element-eee2622\" data-id=\"eee2622\" data-element_type=\"column\" data-e-type=\"column\">\n\t\t\t<div class=\"elementor-widget-wrap elementor-element-populated\">\n\t\t\t\t\t\t<div class=\"elementor-element elementor-element-cc69bed elementor-widget elementor-widget-text-editor\" data-id=\"cc69bed\" data-element_type=\"widget\" data-e-type=\"widget\" data-widget_type=\"text-editor.default\">\n\t\t\t\t<div class=\"elementor-widget-container\">\n\t\t\t\t\t\t\t\t\t<div class=\"row ctype-header listtype-none showmobdesk-0\"><div id=\"c808487\" class=\"col s12 default \"><h5 class=\"icon-left header-font-default 0\">F\u00fcr Menschen mit kleinem Geldbeutel ist es oft schwierig, sich ausreichend mit Bekleidung, Hausrat und \u00e4hnlichem\u00a0 zu versorgen.<\/h5><\/div><\/div><div class=\"row ctype-textmedia listtype-none showmobdesk-0\"><div id=\"c1487311\" class=\"col s12 default bullme \"><h5 class=\"bodytext\">Auf Gleis 7 sind jedoch alle Menschen willkommen und gern gesehene Kunden.<\/h5><h5><strong>Als Kirche wissen wir vom biblischen Auftrag zur Bewahrung der Sch\u00f6pfung. <br \/>Durch dieses Engagement wollen wir dazu beitragen, dass m\u00f6glichst viele Waren im Kreislauf bleiben und die Umwelt geschont wird.<\/strong><\/h5><h5><strong><span style=\"color: #ff6600;\">\u00a0Sie k\u00f6nnen uns gerne unterst\u00fctzen und auch mitmachen!<\/span><\/strong><br \/>&#8211; Wir ben\u00f6tigen Kleidung und Haushaltswaren, die sich noch gut verkaufen lassen. <br \/><span style=\"color: #0000ff;\">Sortieren Sie aus.<\/span><br \/>&#8211; Wir sind angewiesen auf Menschen, die sich im Laden ehrenamtlich engagieren.\u00a0 <span style=\"color: #0000ff;\">Sprechen Sie uns an.<\/span><br \/>&#8211; Wir freuen uns auch \u00fcber Geldspenden. <br \/><span style=\"color: #0000ff;\">Trauen Sie sich :-).<\/span><\/h5><div><strong><span style=\"color: #ff6600;\">Kontakt:<\/span><\/strong><br \/><strong><span style=\"color: #ff6600;\">Telefon Gleis 7: 07144-3399240<\/span><\/strong><\/div><div><strong><span style=\"color: #ff6600;\">Mail: gleis7@diakonie-marbach.de<\/span><\/strong><\/div><div><strong><span style=\"color: #ff6600;\">www.diakonie-marbach.de<\/span><\/strong><\/div><div><strong><span style=\"color: #ff6600;\">\u00d6ffnungszeiten:<\/span><\/strong><\/div><div><strong><span style=\"color: #ff6600;\">Dienstag und Mittwoch: 10-14 Uhr<\/span><\/strong><\/div><div><strong><span style=\"color: #ff6600;\">Donnerstag: 12-18 Uhr<\/span><\/strong><\/div><div><strong><span style=\"color: #ff6600;\">Freitag: 12-16 Uhr<\/span><\/strong><\/div><h5><span style=\"color: #000000;\"><strong>Das Team von Gleis 7 freut sich \u00fcber SpenderInnen und K\u00e4uferInnen.<br \/><\/strong><\/span><\/h5><\/div><\/div>\t\t\t\t\t\t\t\t<\/div>\n\t\t\t\t<\/div>\n\t\t\t\t\t<\/div>\n\t\t<\/div>\n\t\t\t\t\t<\/div>\n\t\t<\/section>\n\t\t\t\t\t<\/div>\n\t\t<\/div>\n\t\t\t\t\t<\/div>\n\t\t<\/section>\n\t\t\t\t<\/div>\n\t\t","protected":false},"excerpt":{"rendered":"<p>Bild: Dekan Dr. Ekkehard Graf Neun soziale Organisationen aus dem Landkreis Ludwigsburg wurden mit jeweils 3000.-\u20ac durch die Arbeit des Gleis 7 unterst\u00fctzt. Herzlichen Dank allen SpenderInnenund vor allem: gro\u00dfen Dank an das phantastische Team im Gleis 7. Bravo! F\u00fcr Menschen mit kleinem Geldbeutel ist es oft schwierig, sich ausreichend mit Bekleidung, Hausrat und \u00e4hnlichem\u00a0 zu versorgen. Auf Gleis 7 sind jedoch alle Menschen willkommen und gern gesehene Kunden. Als Kirche wissen wir vom biblischen Auftrag zur Bewahrung der Sch\u00f6pfung. Durch dieses Engagement wollen wir dazu beitragen, dass m\u00f6glichst viele Waren im Kreislauf bleiben und die Umwelt geschont wird. \u00a0Sie k\u00f6nnen uns gerne unterst\u00fctzen und auch mitmachen!&#8211; Wir ben\u00f6tigen Kleidung und Haushaltswaren, die sich noch gut verkaufen lassen. Sortieren Sie aus.&#8211; Wir sind angewiesen auf Menschen, die sich im Laden ehrenamtlich engagieren.\u00a0 Sprechen Sie uns an.&#8211; Wir freuen uns auch \u00fcber Geldspenden. Trauen Sie sich :-). Kontakt:Telefon Gleis 7: 07144-3399240Mail: gleis7@diakonie-marbach.dewww.diakonie-marbach.de\u00d6ffnungszeiten:Dienstag und Mittwoch: 10-14 UhrDonnerstag: 12-18 UhrFreitag: 12-16 Uhr Das Team von Gleis 7 freut sich \u00fcber SpenderInnen und K\u00e4uferInnen.<\/p>\n","protected":false},"author":1,"featured_media":0,"parent":0,"menu_order":0,"comment_status":"closed","ping_status":"closed","template":"","meta":{"ngg_post_thumbnail":0,"footnotes":""},"class_list":["post-3621","page","type-page","status-publish","hentry"],"_links":{"self":[{"href":"https:\/\/www.diakonie-marbach.de\/index.php\/wp-json\/wp\/v2\/pages\/3621","targetHints":{"allow":["GET"]}}],"collection":[{"href":"https:\/\/www.diakonie-marbach.de\/index.php\/wp-json\/wp\/v2\/pages"}],"about":[{"href":"https:\/\/www.diakonie-marbach.de\/index.php\/wp-json\/wp\/v2\/types\/page"}],"author":[{"embeddable":true,"href":"https:\/\/www.diakonie-marbach.de\/index.php\/wp-json\/wp\/v2\/users\/1"}],"replies":[{"embeddable":true,"href":"https:\/\/www.diakonie-marbach.de\/index.php\/wp-json\/wp\/v2\/comments?post=3621"}],"version-history":[{"count":176,"href":"https:\/\/www.diakonie-marbach.de\/index.php\/wp-json\/wp\/v2\/pages\/3621\/revisions"}],"predecessor-version":[{"id":5593,"href":"https:\/\/www.diakonie-marbach.de\/index.php\/wp-json\/wp\/v2\/pages\/3621\/revisions\/5593"}],"wp:attachment":[{"href":"https:\/\/www.diakonie-marbach.de\/index.php\/wp-json\/wp\/v2\/media?parent=3621"}],"curies":[{"name":"wp","href":"https:\/\/api.w.org\/{rel}","templated":true}]}}