{"id":3322,"date":"2021-11-17T12:23:56","date_gmt":"2021-11-17T11:23:56","guid":{"rendered":"https:\/\/www.diakonie-marbach.de\/?page_id=3322"},"modified":"2021-11-18T08:19:41","modified_gmt":"2021-11-18T07:19:41","slug":"fruehe-hilfen","status":"publish","type":"page","link":"https:\/\/www.diakonie-marbach.de\/index.php\/fruehe-hilfen\/","title":{"rendered":"Fr\u00fche Hilfen"},"content":{"rendered":"\t\t<div data-elementor-type=\"wp-page\" data-elementor-id=\"3322\" class=\"elementor elementor-3322\">\n\t\t\t\t\t\t<section class=\"elementor-section elementor-top-section elementor-element elementor-element-442fd53f elementor-section-boxed elementor-section-height-default elementor-section-height-default\" data-id=\"442fd53f\" data-element_type=\"section\" data-e-type=\"section\">\n\t\t\t\t\t\t<div class=\"elementor-container elementor-column-gap-default\">\n\t\t\t\t\t<div class=\"elementor-column elementor-col-100 elementor-top-column elementor-element elementor-element-74c4e2f1\" data-id=\"74c4e2f1\" data-element_type=\"column\" data-e-type=\"column\">\n\t\t\t<div class=\"elementor-widget-wrap elementor-element-populated\">\n\t\t\t\t\t\t<div class=\"elementor-element elementor-element-34c27fa5 elementor-widget elementor-widget-text-editor\" data-id=\"34c27fa5\" data-element_type=\"widget\" data-e-type=\"widget\" data-widget_type=\"text-editor.default\">\n\t\t\t\t<div class=\"elementor-widget-container\">\n\t\t\t\t\t\t\t\t\tDie Schwangerschaft oder Geburt eines Kindes ver\u00e4ndert die gesamte Lebenssituation. Neben Freude und Gl\u00fcck entstehen vielleicht auch Gef\u00fchle von Unsicherheit, \u00dcberforderung oder Ersch\u00f6pfung. Der Alltag mit einem Kind macht Freude, kann aber auch anstrengend sein.\n\nEgal, ob Sie noch schwanger sind oder Ihr Kind schon geboren wurde, ist die Fachstelle Fr\u00fche Hilfen Ludwigsburg f\u00fcr Sie da. Wir unterst\u00fctzen werdende Eltern, Alleinerziehende und Eltern von Kindern mit 0-3 Jahren im gesamten Landkreis Ludwigsburg.\n<h6>Wir sind f\u00fcr Sie da, wenn Sie<\/h6>\n<ul>\n \t<li>Fragen zum Alltag mit einem Neugeborenen oder Kleinkind haben<\/li>\n \t<li>Fragen zu den Themen Entwicklung, Schlafen, Ern\u00e4hrung oder Erziehung haben<\/li>\n \t<li>Sich unsicher oder \u00fcberfordert f\u00fchlen<\/li>\n \t<li>Besondere psychische oder soziale Belastungen ausgesetzt sind<\/li>\n \t<li>Fragen oder Anliegen zu Ihrer neuen Familiensituation haben<\/li>\n<\/ul>\t\t\t\t\t\t\t\t<\/div>\n\t\t\t\t<\/div>\n\t\t\t\t\t<\/div>\n\t\t<\/div>\n\t\t\t\t\t<\/div>\n\t\t<\/section>\n\t\t\t\t<section class=\"elementor-section elementor-top-section elementor-element elementor-element-1ca7d74 elementor-section-boxed elementor-section-height-default elementor-section-height-default\" data-id=\"1ca7d74\" data-element_type=\"section\" data-e-type=\"section\">\n\t\t\t\t\t\t<div class=\"elementor-container elementor-column-gap-default\">\n\t\t\t\t\t<div class=\"elementor-column elementor-col-100 elementor-top-column elementor-element elementor-element-52fcf61\" data-id=\"52fcf61\" data-element_type=\"column\" data-e-type=\"column\">\n\t\t\t<div class=\"elementor-widget-wrap elementor-element-populated\">\n\t\t\t\t\t\t<div class=\"elementor-element elementor-element-172ff1c elementor-widget elementor-widget-button\" data-id=\"172ff1c\" data-element_type=\"widget\" data-e-type=\"widget\" data-widget_type=\"button.default\">\n\t\t\t\t<div class=\"elementor-widget-container\">\n\t\t\t\t\t\t\t\t\t<div class=\"elementor-button-wrapper\">\n\t\t\t\t\t<a class=\"elementor-button elementor-button-link elementor-size-md\" href=\"https:\/\/fachstelle-fruehehilfen-ludwigsburg.de\/\">\n\t\t\t\t\t\t<span class=\"elementor-button-content-wrapper\">\n\t\t\t\t\t\t\t\t\t<span class=\"elementor-button-text\">Fr\u00fche Hilfen<\/span>\n\t\t\t\t\t<\/span>\n\t\t\t\t\t<\/a>\n\t\t\t\t<\/div>\n\t\t\t\t\t\t\t\t<\/div>\n\t\t\t\t<\/div>\n\t\t\t\t\t<\/div>\n\t\t<\/div>\n\t\t\t\t\t<\/div>\n\t\t<\/section>\n\t\t\t\t<\/div>\n\t\t","protected":false},"excerpt":{"rendered":"<p>Die Schwangerschaft oder Geburt eines Kindes ver\u00e4ndert die gesamte Lebenssituation. Neben Freude und Gl\u00fcck entstehen vielleicht auch Gef\u00fchle von Unsicherheit, \u00dcberforderung oder Ersch\u00f6pfung. Der Alltag mit einem Kind macht Freude, kann aber auch anstrengend sein. Egal, ob Sie noch schwanger sind oder Ihr Kind schon geboren wurde, ist die Fachstelle Fr\u00fche Hilfen Ludwigsburg f\u00fcr Sie da. Wir unterst\u00fctzen werdende Eltern, Alleinerziehende und Eltern von Kindern mit 0-3 Jahren im gesamten Landkreis Ludwigsburg. Wir sind f\u00fcr Sie da, wenn Sie Fragen zum Alltag mit einem Neugeborenen oder Kleinkind haben Fragen zu den Themen Entwicklung, Schlafen, Ern\u00e4hrung oder Erziehung haben Sich unsicher oder \u00fcberfordert f\u00fchlen Besondere psychische oder soziale Belastungen ausgesetzt sind Fragen oder Anliegen zu Ihrer neuen Familiensituation haben Fr\u00fche Hilfen<\/p>\n","protected":false},"author":1,"featured_media":0,"parent":0,"menu_order":0,"comment_status":"closed","ping_status":"closed","template":"","meta":{"ngg_post_thumbnail":0,"footnotes":""},"class_list":["post-3322","page","type-page","status-publish","hentry"],"_links":{"self":[{"href":"https:\/\/www.diakonie-marbach.de\/index.php\/wp-json\/wp\/v2\/pages\/3322","targetHints":{"allow":["GET"]}}],"collection":[{"href":"https:\/\/www.diakonie-marbach.de\/index.php\/wp-json\/wp\/v2\/pages"}],"about":[{"href":"https:\/\/www.diakonie-marbach.de\/index.php\/wp-json\/wp\/v2\/types\/page"}],"author":[{"embeddable":true,"href":"https:\/\/www.diakonie-marbach.de\/index.php\/wp-json\/wp\/v2\/users\/1"}],"replies":[{"embeddable":true,"href":"https:\/\/www.diakonie-marbach.de\/index.php\/wp-json\/wp\/v2\/comments?post=3322"}],"version-history":[{"count":10,"href":"https:\/\/www.diakonie-marbach.de\/index.php\/wp-json\/wp\/v2\/pages\/3322\/revisions"}],"predecessor-version":[{"id":3333,"href":"https:\/\/www.diakonie-marbach.de\/index.php\/wp-json\/wp\/v2\/pages\/3322\/revisions\/3333"}],"wp:attachment":[{"href":"https:\/\/www.diakonie-marbach.de\/index.php\/wp-json\/wp\/v2\/media?parent=3322"}],"curies":[{"name":"wp","href":"https:\/\/api.w.org\/{rel}","templated":true}]}}