{"id":316,"date":"2018-05-25T16:34:42","date_gmt":"2018-05-25T14:34:42","guid":{"rendered":"http:\/\/www.diakonie-marbach.de\/?page_id=316"},"modified":"2024-08-02T08:54:05","modified_gmt":"2024-08-02T06:54:05","slug":"guenstig-einkaufen","status":"publish","type":"page","link":"https:\/\/www.diakonie-marbach.de\/index.php\/guenstig-einkaufen\/","title":{"rendered":"G\u00fcnstig einkaufen"},"content":{"rendered":"\t\t<div data-elementor-type=\"wp-page\" data-elementor-id=\"316\" class=\"elementor elementor-316\">\n\t\t\t\t\t\t<section class=\"elementor-section elementor-top-section elementor-element elementor-element-392eb1f elementor-section-boxed elementor-section-height-default elementor-section-height-default\" data-id=\"392eb1f\" data-element_type=\"section\" data-e-type=\"section\">\n\t\t\t\t\t\t<div class=\"elementor-container elementor-column-gap-default\">\n\t\t\t\t\t<div class=\"elementor-column elementor-col-100 elementor-top-column elementor-element elementor-element-3471380\" data-id=\"3471380\" data-element_type=\"column\" data-e-type=\"column\">\n\t\t\t<div class=\"elementor-widget-wrap elementor-element-populated\">\n\t\t\t\t\t\t<section class=\"elementor-section elementor-inner-section elementor-element elementor-element-f2c4020 elementor-section-boxed elementor-section-height-default elementor-section-height-default\" data-id=\"f2c4020\" data-element_type=\"section\" data-e-type=\"section\">\n\t\t\t\t\t\t<div class=\"elementor-container elementor-column-gap-default\">\n\t\t\t\t\t<div class=\"elementor-column elementor-col-50 elementor-inner-column elementor-element elementor-element-f519cea\" data-id=\"f519cea\" data-element_type=\"column\" data-e-type=\"column\">\n\t\t\t<div class=\"elementor-widget-wrap elementor-element-populated\">\n\t\t\t\t\t\t<div class=\"elementor-element elementor-element-29087d6 elementor-widget elementor-widget-image\" data-id=\"29087d6\" data-element_type=\"widget\" data-e-type=\"widget\" data-widget_type=\"image.default\">\n\t\t\t\t<div class=\"elementor-widget-container\">\n\t\t\t\t\t\t\t\t\t\t\t\t\t\t\t<img fetchpriority=\"high\" decoding=\"async\" width=\"259\" height=\"481\" src=\"https:\/\/www.diakonie-marbach.de\/wp-content\/uploads\/Flyer-Seite-1.jpg\" class=\"attachment-2048x2048 size-2048x2048 wp-image-3875\" alt=\"\" srcset=\"https:\/\/www.diakonie-marbach.de\/wp-content\/uploads\/Flyer-Seite-1.jpg 259w, https:\/\/www.diakonie-marbach.de\/wp-content\/uploads\/Flyer-Seite-1-162x300.jpg 162w\" sizes=\"(max-width: 259px) 100vw, 259px\" \/>\t\t\t\t\t\t\t\t\t\t\t\t\t\t\t<\/div>\n\t\t\t\t<\/div>\n\t\t\t\t\t<\/div>\n\t\t<\/div>\n\t\t\t\t<div class=\"elementor-column elementor-col-50 elementor-inner-column elementor-element elementor-element-b2dc3e6\" data-id=\"b2dc3e6\" data-element_type=\"column\" data-e-type=\"column\">\n\t\t\t<div class=\"elementor-widget-wrap elementor-element-populated\">\n\t\t\t\t\t\t<div class=\"elementor-element elementor-element-f98e184 elementor-widget elementor-widget-image\" data-id=\"f98e184\" data-element_type=\"widget\" data-e-type=\"widget\" data-widget_type=\"image.default\">\n\t\t\t\t<div class=\"elementor-widget-container\">\n\t\t\t\t\t\t\t\t\t\t\t\t\t\t\t<img decoding=\"async\" width=\"544\" height=\"1014\" src=\"https:\/\/www.diakonie-marbach.de\/wp-content\/uploads\/Flyer-Rueckseite-sehr-gross.jpg\" class=\"attachment-2048x2048 size-2048x2048 wp-image-3885\" alt=\"\" srcset=\"https:\/\/www.diakonie-marbach.de\/wp-content\/uploads\/Flyer-Rueckseite-sehr-gross.jpg 544w, https:\/\/www.diakonie-marbach.de\/wp-content\/uploads\/Flyer-Rueckseite-sehr-gross-161x300.jpg 161w\" sizes=\"(max-width: 544px) 100vw, 544px\" \/>\t\t\t\t\t\t\t\t\t\t\t\t\t\t\t<\/div>\n\t\t\t\t<\/div>\n\t\t\t\t\t<\/div>\n\t\t<\/div>\n\t\t\t\t\t<\/div>\n\t\t<\/section>\n\t\t\t\t<section class=\"elementor-section elementor-inner-section elementor-element elementor-element-7b42156 elementor-section-boxed elementor-section-height-default elementor-section-height-default\" data-id=\"7b42156\" data-element_type=\"section\" data-e-type=\"section\">\n\t\t\t\t\t\t<div class=\"elementor-container elementor-column-gap-default\">\n\t\t\t\t\t<div class=\"elementor-column elementor-col-50 elementor-inner-column elementor-element elementor-element-b96a6f7\" data-id=\"b96a6f7\" data-element_type=\"column\" data-e-type=\"column\">\n\t\t\t<div class=\"elementor-widget-wrap elementor-element-populated\">\n\t\t\t\t\t\t<div class=\"elementor-element elementor-element-ffd4309 elementor-widget elementor-widget-heading\" data-id=\"ffd4309\" data-element_type=\"widget\" data-e-type=\"widget\" data-widget_type=\"heading.default\">\n\t\t\t\t<div class=\"elementor-widget-container\">\n\t\t\t\t\t<h2 class=\"elementor-heading-title elementor-size-medium\">Marbacher Tafel e.V.<\/h2>\t\t\t\t<\/div>\n\t\t\t\t<\/div>\n\t\t\t\t<div class=\"elementor-element elementor-element-4768177 elementor-widget elementor-widget-text-editor\" data-id=\"4768177\" data-element_type=\"widget\" data-e-type=\"widget\" data-widget_type=\"text-editor.default\">\n\t\t\t\t<div class=\"elementor-widget-container\">\n\t\t\t\t\t\t\t\t\t<h5>Niklastorstra\u00dfe 20<br \/>71672 Marbach a.N.<br \/>Tel.: 07144 &#8211; 860800<br \/>Internet: <a href=\"http:\/\/www.marbacher-tafel.de\">http:\/\/www.marbacher-tafel.org<\/a><br \/><br \/>Mail: <a href=\"mailto:info@marbacher-tafel.org\">info@marbacher-tafel.org<\/a>\u00a0<\/h5><p>\u00d6ffnungszeiten: Di. &#8211; Fr. 11:30 &#8211; 13 Uhr<br \/>Sa. 13:30 &#8211; 14:30 Uhr<\/p>\t\t\t\t\t\t\t\t<\/div>\n\t\t\t\t<\/div>\n\t\t\t\t<div class=\"elementor-element elementor-element-3aee5d9 elementor-widget elementor-widget-heading\" data-id=\"3aee5d9\" data-element_type=\"widget\" data-e-type=\"widget\" data-widget_type=\"heading.default\">\n\t\t\t\t<div class=\"elementor-widget-container\">\n\t\t\t\t\t<h2 class=\"elementor-heading-title elementor-size-medium\">Ludwigstafel e.V.<\/h2>\t\t\t\t<\/div>\n\t\t\t\t<\/div>\n\t\t\t\t<div class=\"elementor-element elementor-element-15ee86f elementor-widget elementor-widget-text-editor\" data-id=\"15ee86f\" data-element_type=\"widget\" data-e-type=\"widget\" data-widget_type=\"text-editor.default\">\n\t\t\t\t<div class=\"elementor-widget-container\">\n\t\t\t\t\t\t\t\t\t<p>Saarstr. 25<br \/>71636 LudwigsburgTelefon: 07141 \/ 926 \u2013 473<br \/>Fax: 07141 \/ 926 \u2013 506<\/p><p><u>\u00d6ffnungszeiten<\/u>:<br \/>Mo, Do: 13.30 \u2013 17.00<br \/>Di, Mi, Fr: 10.30 \u2013 15.30<\/p><p><u>Nummernvergabe: ca. 10 Min. vor der Laden\u00f6ffnungszeit<\/u><\/p><p><a role=\"link\" href=\"http:\/\/www.ludwigstafel.de\/\">http:\/\/www.ludwigstafel.de\/<\/a><\/p>\t\t\t\t\t\t\t\t<\/div>\n\t\t\t\t<\/div>\n\t\t\t\t\t<\/div>\n\t\t<\/div>\n\t\t\t\t<div class=\"elementor-column elementor-col-50 elementor-inner-column elementor-element elementor-element-f7b6c58\" data-id=\"f7b6c58\" data-element_type=\"column\" data-e-type=\"column\">\n\t\t\t<div class=\"elementor-widget-wrap elementor-element-populated\">\n\t\t\t\t\t\t<div class=\"elementor-element elementor-element-5a00752 elementor-widget elementor-widget-heading\" data-id=\"5a00752\" data-element_type=\"widget\" data-e-type=\"widget\" data-widget_type=\"heading.default\">\n\t\t\t\t<div class=\"elementor-widget-container\">\n\t\t\t\t\t<h2 class=\"elementor-heading-title elementor-size-medium\">Tafelmobil im Bottwartal<\/h2>\t\t\t\t<\/div>\n\t\t\t\t<\/div>\n\t\t\t\t<div class=\"elementor-element elementor-element-b375375 elementor-widget__width-initial elementor-widget elementor-widget-text-editor\" data-id=\"b375375\" data-element_type=\"widget\" data-e-type=\"widget\" data-widget_type=\"text-editor.default\">\n\t\t\t\t<div class=\"elementor-widget-container\">\n\t\t\t\t\t\t\t\t\t<p>Jeden Mittwoch an folgenden Stellen:<br \/><strong>Auenstein:<\/strong> 10:45 &#8211; 11:30 Uhr <br \/>(Parkplatz &#8222;Bowlingbahn&#8220;, In den Hofg\u00e4rten 12)<br \/><strong>Beilstein:<\/strong> 12 &#8211; 12:30 Uhr <br \/>(am Feuerwehrhaus, Bahnhofstr.)<br \/><strong>Oberstenfeld:<\/strong> 13 -13:30 Uhr <br \/>(beim alten Edeka-Markt, Bottwarstr. 9)<br \/><strong>Gro\u00dfbottwar:<\/strong> 14 &#8211; 14:45 Uhr (Wunnensteinhalle)<\/p><p>Die fahrbare Tafel bietet Menschen mit geringem Einkommen die M\u00f6glichkeit, Lebensmittel zu deutlich verringerten Preisen einzukaufen. Voraussetzung zum Einkauf ist ein Berechtigungsausweis.<\/p>\t\t\t\t\t\t\t\t<\/div>\n\t\t\t\t<\/div>\n\t\t\t\t\t<\/div>\n\t\t<\/div>\n\t\t\t\t\t<\/div>\n\t\t<\/section>\n\t\t\t\t\t<\/div>\n\t\t<\/div>\n\t\t\t\t\t<\/div>\n\t\t<\/section>\n\t\t\t\t<section class=\"elementor-section elementor-top-section elementor-element elementor-element-a9e69ef elementor-section-boxed elementor-section-height-default elementor-section-height-default\" data-id=\"a9e69ef\" data-element_type=\"section\" data-e-type=\"section\">\n\t\t\t\t\t\t<div class=\"elementor-container elementor-column-gap-default\">\n\t\t\t\t\t<div class=\"elementor-column elementor-col-100 elementor-top-column elementor-element elementor-element-98c6768\" data-id=\"98c6768\" data-element_type=\"column\" data-e-type=\"column\">\n\t\t\t<div class=\"elementor-widget-wrap elementor-element-populated\">\n\t\t\t\t\t\t<section class=\"elementor-section elementor-inner-section elementor-element elementor-element-64c2486 elementor-section-boxed elementor-section-height-default elementor-section-height-default\" data-id=\"64c2486\" data-element_type=\"section\" data-e-type=\"section\">\n\t\t\t\t\t\t<div class=\"elementor-container elementor-column-gap-default\">\n\t\t\t\t\t<div class=\"elementor-column elementor-col-50 elementor-inner-column elementor-element elementor-element-91328a5\" data-id=\"91328a5\" data-element_type=\"column\" data-e-type=\"column\">\n\t\t\t<div class=\"elementor-widget-wrap elementor-element-populated\">\n\t\t\t\t\t\t<div class=\"elementor-element elementor-element-8eb5e5c elementor-widget elementor-widget-heading\" data-id=\"8eb5e5c\" data-element_type=\"widget\" data-e-type=\"widget\" data-widget_type=\"heading.default\">\n\t\t\t\t<div class=\"elementor-widget-container\">\n\t\t\t\t\t<h2 class=\"elementor-heading-title elementor-size-medium\">Diakonieladen - Gl\u00fccksgriff<\/h2>\t\t\t\t<\/div>\n\t\t\t\t<\/div>\n\t\t\t\t<div class=\"elementor-element elementor-element-6f3810c elementor-widget elementor-widget-text-editor\" data-id=\"6f3810c\" data-element_type=\"widget\" data-e-type=\"widget\" data-widget_type=\"text-editor.default\">\n\t\t\t\t<div class=\"elementor-widget-container\">\n\t\t\t\t\t\t\t\t\t<div class=\"post-content\"><div id=\"c7298\"><div class=\"ce-textpic ce-right ce-intext\"><div class=\"ce-bodytext\"><p>Getrag-Areal<br \/>Saarstrasse 25<br \/>71636 Ludwigsburg<\/p><div><p>Telefon:\u00a0\u00a0\u00a0 07141-2395753<br \/>Fax:\u00a0\u00a0\u00a0\u00a0\u00a0\u00a0 \u00a0 07141-9542-995<br \/>Internet:<a role=\"link\" href=\"http:\/\/www.kreisdiakonieverband-lb.de\" target=\"_top\" rel=\"noopener noreferrer\">www.kreisdiakonieverband-lb.de<\/a><\/p><\/div><div><p>\u00d6ffnungszeiten:<br \/>Montag und Donnerstag:12:00 \u2013 18:00 Uhr<br \/>Dienstag, Mittwoch und Freitag:10:00 \u2013 18:00 Uhr<\/p><\/div><\/div><\/div><\/div><\/div>\t\t\t\t\t\t\t\t<\/div>\n\t\t\t\t<\/div>\n\t\t\t\t<div class=\"elementor-element elementor-element-c347f5f elementor-widget elementor-widget-heading\" data-id=\"c347f5f\" data-element_type=\"widget\" data-e-type=\"widget\" data-widget_type=\"heading.default\">\n\t\t\t\t<div class=\"elementor-widget-container\">\n\t\t\t\t\t<h2 class=\"elementor-heading-title elementor-size-medium\">Gebrauchtwarenladen Karlsh\u00f6he<\/h2>\t\t\t\t<\/div>\n\t\t\t\t<\/div>\n\t\t\t\t<div class=\"elementor-element elementor-element-eef69a3 elementor-widget elementor-widget-text-editor\" data-id=\"eef69a3\" data-element_type=\"widget\" data-e-type=\"widget\" data-widget_type=\"text-editor.default\">\n\t\t\t\t<div class=\"elementor-widget-container\">\n\t\t\t\t\t\t\t\t\t<p><strong>\u00d6ffnungszeiten:<br \/><\/strong>Montag bis Freitag 10:00 bis 17:00 Uhr<br \/><strong>Adresse:<\/strong><span style=\"text-decoration: underline;\"><strong><br \/><\/strong><\/span>M\u00f6\u00dfnerweg1, Ecke K\u00f6niginallee.<\/p>\t\t\t\t\t\t\t\t<\/div>\n\t\t\t\t<\/div>\n\t\t\t\t\t<\/div>\n\t\t<\/div>\n\t\t\t\t<div class=\"elementor-column elementor-col-50 elementor-inner-column elementor-element elementor-element-736e349\" data-id=\"736e349\" data-element_type=\"column\" data-e-type=\"column\">\n\t\t\t<div class=\"elementor-widget-wrap elementor-element-populated\">\n\t\t\t\t\t\t<div class=\"elementor-element elementor-element-751b2ac elementor-widget elementor-widget-text-editor\" data-id=\"751b2ac\" data-element_type=\"widget\" data-e-type=\"widget\" data-widget_type=\"text-editor.default\">\n\t\t\t\t<div class=\"elementor-widget-container\">\n\t\t\t\t\t\t\t\t\t<p><img decoding=\"async\" class=\"alignleft size-full wp-image-1706\" src=\"http:\/\/www.diakonie-marbach.de\/wp-content\/uploads\/Neufu.1.png\" sizes=\"(max-width: 872px) 100vw, 872px\" srcset=\"https:\/\/www.diakonie-marbach.de\/wp-content\/uploads\/Neufu.1.png 872w, https:\/\/www.diakonie-marbach.de\/wp-content\/uploads\/Neufu.1-300x214.png 300w, https:\/\/www.diakonie-marbach.de\/wp-content\/uploads\/Neufu.1-768x547.png 768w, https:\/\/www.diakonie-marbach.de\/wp-content\/uploads\/Neufu.1-379x270.png 379w\" alt=\"\" width=\"872\" height=\"621\" \/><\/p>\t\t\t\t\t\t\t\t<\/div>\n\t\t\t\t<\/div>\n\t\t\t\t\t<\/div>\n\t\t<\/div>\n\t\t\t\t\t<\/div>\n\t\t<\/section>\n\t\t\t\t\t<\/div>\n\t\t<\/div>\n\t\t\t\t\t<\/div>\n\t\t<\/section>\n\t\t\t\t<section class=\"elementor-section elementor-top-section elementor-element elementor-element-5dff9b3 elementor-section-boxed elementor-section-height-default elementor-section-height-default\" data-id=\"5dff9b3\" data-element_type=\"section\" data-e-type=\"section\">\n\t\t\t\t\t\t<div class=\"elementor-container elementor-column-gap-default\">\n\t\t\t\t\t<div class=\"elementor-column elementor-col-100 elementor-top-column elementor-element elementor-element-75ea781\" data-id=\"75ea781\" data-element_type=\"column\" data-e-type=\"column\">\n\t\t\t<div class=\"elementor-widget-wrap elementor-element-populated\">\n\t\t\t\t\t\t<section class=\"elementor-section elementor-inner-section elementor-element elementor-element-c46c484 elementor-section-boxed elementor-section-height-default elementor-section-height-default\" data-id=\"c46c484\" data-element_type=\"section\" data-e-type=\"section\">\n\t\t\t\t\t\t<div class=\"elementor-container elementor-column-gap-default\">\n\t\t\t\t\t<div class=\"elementor-column elementor-col-50 elementor-inner-column elementor-element elementor-element-4c5914b\" data-id=\"4c5914b\" data-element_type=\"column\" data-e-type=\"column\">\n\t\t\t<div class=\"elementor-widget-wrap elementor-element-populated\">\n\t\t\t\t\t\t<div class=\"elementor-element elementor-element-1c8dbdf elementor-widget elementor-widget-heading\" data-id=\"1c8dbdf\" data-element_type=\"widget\" data-e-type=\"widget\" data-widget_type=\"heading.default\">\n\t\t\t\t<div class=\"elementor-widget-container\">\n\t\t\t\t\t<h2 class=\"elementor-heading-title elementor-size-medium\">Warenwandel der AVL<\/h2>\t\t\t\t<\/div>\n\t\t\t\t<\/div>\n\t\t\t\t<div class=\"elementor-element elementor-element-44b2eca elementor-widget elementor-widget-text-editor\" data-id=\"44b2eca\" data-element_type=\"widget\" data-e-type=\"widget\" data-widget_type=\"text-editor.default\">\n\t\t\t\t<div class=\"elementor-widget-container\">\n\t\t\t\t\t\t\t\t\t<p>Gebrauchtwaren-Kaufhaus WARENWANDEL<br \/>Maybachstra\u00dfe 10<br \/>71634 Ludwigsburg-Tammerfeld<\/p><p>Tel: 07141-7025859<\/p><p>Mail: info@warenwandel.de<\/p>\t\t\t\t\t\t\t\t<\/div>\n\t\t\t\t<\/div>\n\t\t\t\t\t<\/div>\n\t\t<\/div>\n\t\t\t\t<div class=\"elementor-column elementor-col-50 elementor-inner-column elementor-element elementor-element-686898d\" data-id=\"686898d\" data-element_type=\"column\" data-e-type=\"column\">\n\t\t\t<div class=\"elementor-widget-wrap\">\n\t\t\t\t\t\t\t<\/div>\n\t\t<\/div>\n\t\t\t\t\t<\/div>\n\t\t<\/section>\n\t\t\t\t\t<\/div>\n\t\t<\/div>\n\t\t\t\t\t<\/div>\n\t\t<\/section>\n\t\t\t\t<\/div>\n\t\t","protected":false},"excerpt":{"rendered":"<p>Marbacher Tafel e.V. Niklastorstra\u00dfe 2071672 Marbach a.N.Tel.: 07144 &#8211; 860800Internet: http:\/\/www.marbacher-tafel.org Mail: info@marbacher-tafel.org\u00a0 \u00d6ffnungszeiten: Di. &#8211; Fr. 11:30 &#8211; 13 UhrSa. 13:30 &#8211; 14:30 Uhr Ludwigstafel e.V. Saarstr. 2571636 LudwigsburgTelefon: 07141 \/ 926 \u2013 473Fax: 07141 \/ 926 \u2013 506 \u00d6ffnungszeiten:Mo, Do: 13.30 \u2013 17.00Di, Mi, Fr: 10.30 \u2013 15.30 Nummernvergabe: ca. 10 Min. vor der Laden\u00f6ffnungszeit http:\/\/www.ludwigstafel.de\/ Tafelmobil im Bottwartal Jeden Mittwoch an folgenden Stellen:Auenstein: 10:45 &#8211; 11:30 Uhr (Parkplatz &#8222;Bowlingbahn&#8220;, In den Hofg\u00e4rten 12)Beilstein: 12 &#8211; 12:30 Uhr (am Feuerwehrhaus, Bahnhofstr.)Oberstenfeld: 13 -13:30 Uhr (beim alten Edeka-Markt, Bottwarstr. 9)Gro\u00dfbottwar: 14 &#8211; 14:45 Uhr (Wunnensteinhalle) Die fahrbare Tafel bietet Menschen mit geringem Einkommen die M\u00f6glichkeit, Lebensmittel zu deutlich verringerten Preisen einzukaufen. Voraussetzung zum Einkauf ist ein Berechtigungsausweis. Diakonieladen &#8211; Gl\u00fccksgriff Getrag-ArealSaarstrasse 2571636 Ludwigsburg Telefon:\u00a0\u00a0\u00a0 07141-2395753Fax:\u00a0\u00a0\u00a0\u00a0\u00a0\u00a0 \u00a0 07141-9542-995Internet:www.kreisdiakonieverband-lb.de \u00d6ffnungszeiten:Montag und Donnerstag:12:00 \u2013 18:00 UhrDienstag, Mittwoch und Freitag:10:00 \u2013 18:00 Uhr Gebrauchtwarenladen Karlsh\u00f6he \u00d6ffnungszeiten:Montag bis Freitag 10:00 bis 17:00 UhrAdresse:M\u00f6\u00dfnerweg1, Ecke K\u00f6niginallee. Warenwandel der AVL Gebrauchtwaren-Kaufhaus WARENWANDELMaybachstra\u00dfe 1071634 Ludwigsburg-Tammerfeld Tel: 07141-7025859 Mail: info@warenwandel.de<\/p>\n","protected":false},"author":1,"featured_media":0,"parent":0,"menu_order":0,"comment_status":"closed","ping_status":"closed","template":"","meta":{"ngg_post_thumbnail":0,"footnotes":""},"class_list":["post-316","page","type-page","status-publish","hentry"],"_links":{"self":[{"href":"https:\/\/www.diakonie-marbach.de\/index.php\/wp-json\/wp\/v2\/pages\/316","targetHints":{"allow":["GET"]}}],"collection":[{"href":"https:\/\/www.diakonie-marbach.de\/index.php\/wp-json\/wp\/v2\/pages"}],"about":[{"href":"https:\/\/www.diakonie-marbach.de\/index.php\/wp-json\/wp\/v2\/types\/page"}],"author":[{"embeddable":true,"href":"https:\/\/www.diakonie-marbach.de\/index.php\/wp-json\/wp\/v2\/users\/1"}],"replies":[{"embeddable":true,"href":"https:\/\/www.diakonie-marbach.de\/index.php\/wp-json\/wp\/v2\/comments?post=316"}],"version-history":[{"count":96,"href":"https:\/\/www.diakonie-marbach.de\/index.php\/wp-json\/wp\/v2\/pages\/316\/revisions"}],"predecessor-version":[{"id":4887,"href":"https:\/\/www.diakonie-marbach.de\/index.php\/wp-json\/wp\/v2\/pages\/316\/revisions\/4887"}],"wp:attachment":[{"href":"https:\/\/www.diakonie-marbach.de\/index.php\/wp-json\/wp\/v2\/media?parent=316"}],"curies":[{"name":"wp","href":"https:\/\/api.w.org\/{rel}","templated":true}]}}