{"id":2668,"date":"2021-03-12T11:49:28","date_gmt":"2021-03-12T10:49:28","guid":{"rendered":"https:\/\/www.diakonie-marbach.de\/?page_id=2668"},"modified":"2021-12-08T12:33:13","modified_gmt":"2021-12-08T11:33:13","slug":"diakonischer-bezirksausschuss-dba","status":"publish","type":"page","link":"https:\/\/www.diakonie-marbach.de\/index.php\/diakonischer-bezirksausschuss-dba\/","title":{"rendered":"Diakonischer Bezirksausschuss (DBA)"},"content":{"rendered":"\t\t<div data-elementor-type=\"wp-page\" data-elementor-id=\"2668\" class=\"elementor elementor-2668\">\n\t\t\t\t\t\t<section class=\"elementor-section elementor-top-section elementor-element elementor-element-6a3dd1a elementor-section-boxed elementor-section-height-default elementor-section-height-default\" data-id=\"6a3dd1a\" data-element_type=\"section\" data-e-type=\"section\">\n\t\t\t\t\t\t<div class=\"elementor-container elementor-column-gap-default\">\n\t\t\t\t\t<div class=\"elementor-column elementor-col-100 elementor-top-column elementor-element elementor-element-775c9a22\" data-id=\"775c9a22\" data-element_type=\"column\" data-e-type=\"column\">\n\t\t\t<div class=\"elementor-widget-wrap elementor-element-populated\">\n\t\t\t\t\t\t<div class=\"elementor-element elementor-element-601cff95 elementor-widget elementor-widget-text-editor\" data-id=\"601cff95\" data-element_type=\"widget\" data-e-type=\"widget\" data-widget_type=\"text-editor.default\">\n\t\t\t\t<div class=\"elementor-widget-container\">\n\t\t\t\t\t\t\t\t\t<p class=\"bodytext\">Der Diakonische Bezirksausschuss unterst\u00fctzt die Kirchengemeinden bei der Erf\u00fcllung ihrer diakonischen Aufgaben und ist verantwortlich f\u00fcr die diakonische Arbeit des Kirchenbezirks. Zu seinen Aufgaben geh\u00f6ren unter anderem:<\/p><ul class=\"cms\"><li>Er legt die Richtlinien f\u00fcr die Arbeit der Diakonischen Bezirksstelle fest.<\/li><li>Er beschlie\u00dft \u00fcber die Anstellung und Entlassung der Mitarbeiter der Diakonischen Bezirksstelle.<\/li><li>Er \u00fcbt die Dienst- und Fachaufsicht \u00fcber die Mitarbeiterinnen und Mitarbeiter der Diakonischen Bezirksstelle\u00a0aus.<\/li><li>Er entwirft den Sonderhaushaltsplan der Diakonischen Bezirksstelle.<\/li><li>Er ber\u00e4t \u00fcber die F\u00f6rderung freier Gruppen und Initiativen mit diakonischer Zielsetzung und \u00fcber die Zusammenarbeit mit ihnen.<\/li><\/ul><p class=\"bodytext\">Der Diakonische Bezirksausschuss ist ein beschlie\u00dfender Ausschuss der Bezirkssynode. Ihm geh\u00f6ren an:<\/p><p class=\"bodytext\"><strong>Mitglieder:<\/strong><\/p><p class=\"bodytext\">Dekan Dr. Ekkehard Graf<\/p><p class=\"bodytext\">Pfarrer Friedhelm Nachtigal, H\u00f6pfigheim (1. Vorsitzender \/ Diakoniepfarrer)<\/p><p class=\"bodytext\">Ulrike Zirkler, Marbach (Kirchenbezirksrechnerin)<\/p><p class=\"bodytext\">Barbara Failmezger, Pleidelsheim<\/p><p class=\"bodytext\">Wilfried Gr\u00f6ninger, Oberstenfeld<\/p><p class=\"bodytext\">Franziska Kaiser, Kirchberg<\/p><p class=\"bodytext\">Willi Kemmler, Steinheim<\/p><p class=\"bodytext\">Wolfram Linnebach, Erdmannhausen<\/p><p class=\"bodytext\">Carola Pfuderer, Murr<\/p><p class=\"bodytext\">Margarete Rieth, Marbach<\/p><p class=\"bodytext\">Pfarrer Frank Wessel, Marbach<\/p><p class=\"bodytext\"><strong>Mit beratender Stimme:<\/strong><\/p><p class=\"bodytext\">Claudia Hiller-Melcher (Verwaltung, Kurberatung)<br \/>Diakon Rainer Bauer, Marbach (Gesch\u00e4ftsf\u00fchrer der Diakonischen Bezirksstelle)<\/p>\t\t\t\t\t\t\t\t<\/div>\n\t\t\t\t<\/div>\n\t\t\t\t\t<\/div>\n\t\t<\/div>\n\t\t\t\t\t<\/div>\n\t\t<\/section>\n\t\t\t\t<\/div>\n\t\t","protected":false},"excerpt":{"rendered":"<p>Der Diakonische Bezirksausschuss unterst\u00fctzt die Kirchengemeinden bei der Erf\u00fcllung ihrer diakonischen Aufgaben und ist verantwortlich f\u00fcr die diakonische Arbeit des Kirchenbezirks. Zu seinen Aufgaben geh\u00f6ren unter anderem: Er legt die Richtlinien f\u00fcr die Arbeit der Diakonischen Bezirksstelle fest. Er beschlie\u00dft \u00fcber die Anstellung und Entlassung der Mitarbeiter der Diakonischen Bezirksstelle. Er \u00fcbt die Dienst- und Fachaufsicht \u00fcber die Mitarbeiterinnen und Mitarbeiter der Diakonischen Bezirksstelle\u00a0aus. Er entwirft den Sonderhaushaltsplan der Diakonischen Bezirksstelle. Er ber\u00e4t \u00fcber die F\u00f6rderung freier Gruppen und Initiativen mit diakonischer Zielsetzung und \u00fcber die Zusammenarbeit mit ihnen. Der Diakonische Bezirksausschuss ist ein beschlie\u00dfender Ausschuss der Bezirkssynode. Ihm geh\u00f6ren an: Mitglieder: Dekan Dr. Ekkehard Graf Pfarrer Friedhelm Nachtigal, H\u00f6pfigheim (1. Vorsitzender \/ Diakoniepfarrer) Ulrike Zirkler, Marbach (Kirchenbezirksrechnerin) Barbara Failmezger, Pleidelsheim Wilfried Gr\u00f6ninger, Oberstenfeld Franziska Kaiser, Kirchberg Willi Kemmler, Steinheim Wolfram Linnebach, Erdmannhausen Carola Pfuderer, Murr Margarete Rieth, Marbach Pfarrer Frank Wessel, Marbach Mit beratender Stimme: Claudia Hiller-Melcher (Verwaltung, Kurberatung) Diakon Rainer Bauer, Marbach (Gesch\u00e4ftsf\u00fchrer der Diakonischen Bezirksstelle)<\/p>\n","protected":false},"author":1,"featured_media":0,"parent":0,"menu_order":0,"comment_status":"closed","ping_status":"closed","template":"","meta":{"ngg_post_thumbnail":0,"footnotes":""},"class_list":["post-2668","page","type-page","status-publish","hentry"],"_links":{"self":[{"href":"https:\/\/www.diakonie-marbach.de\/index.php\/wp-json\/wp\/v2\/pages\/2668","targetHints":{"allow":["GET"]}}],"collection":[{"href":"https:\/\/www.diakonie-marbach.de\/index.php\/wp-json\/wp\/v2\/pages"}],"about":[{"href":"https:\/\/www.diakonie-marbach.de\/index.php\/wp-json\/wp\/v2\/types\/page"}],"author":[{"embeddable":true,"href":"https:\/\/www.diakonie-marbach.de\/index.php\/wp-json\/wp\/v2\/users\/1"}],"replies":[{"embeddable":true,"href":"https:\/\/www.diakonie-marbach.de\/index.php\/wp-json\/wp\/v2\/comments?post=2668"}],"version-history":[{"count":12,"href":"https:\/\/www.diakonie-marbach.de\/index.php\/wp-json\/wp\/v2\/pages\/2668\/revisions"}],"predecessor-version":[{"id":3403,"href":"https:\/\/www.diakonie-marbach.de\/index.php\/wp-json\/wp\/v2\/pages\/2668\/revisions\/3403"}],"wp:attachment":[{"href":"https:\/\/www.diakonie-marbach.de\/index.php\/wp-json\/wp\/v2\/media?parent=2668"}],"curies":[{"name":"wp","href":"https:\/\/api.w.org\/{rel}","templated":true}]}}