{"id":2242,"date":"2020-11-11T22:40:06","date_gmt":"2020-11-11T21:40:06","guid":{"rendered":"https:\/\/www.diakonie-marbach.de\/?page_id=2242"},"modified":"2020-11-30T13:01:31","modified_gmt":"2020-11-30T12:01:31","slug":"onlineberatung","status":"publish","type":"page","link":"https:\/\/www.diakonie-marbach.de\/index.php\/onlineberatung\/","title":{"rendered":"Onlineberatung"},"content":{"rendered":"\t\t<div data-elementor-type=\"wp-page\" data-elementor-id=\"2242\" class=\"elementor elementor-2242\">\n\t\t\t\t\t\t<section class=\"elementor-section elementor-top-section elementor-element elementor-element-d066917 elementor-section-boxed elementor-section-height-default elementor-section-height-default\" data-id=\"d066917\" data-element_type=\"section\" data-e-type=\"section\">\n\t\t\t\t\t\t<div class=\"elementor-container elementor-column-gap-default\">\n\t\t\t\t\t<div class=\"elementor-column elementor-col-100 elementor-top-column elementor-element elementor-element-ea23684\" data-id=\"ea23684\" data-element_type=\"column\" data-e-type=\"column\">\n\t\t\t<div class=\"elementor-widget-wrap elementor-element-populated\">\n\t\t\t\t\t\t<div class=\"elementor-element elementor-element-bc9cb50 animated-slow elementor-invisible elementor-widget elementor-widget-heading\" data-id=\"bc9cb50\" data-element_type=\"widget\" data-e-type=\"widget\" data-settings=\"{&quot;_animation&quot;:&quot;pulse&quot;}\" data-widget_type=\"heading.default\">\n\t\t\t\t<div class=\"elementor-widget-container\">\n\t\t\t\t\t<h2 class=\"elementor-heading-title elementor-size-large\">Neues Angebot<\/h2>\t\t\t\t<\/div>\n\t\t\t\t<\/div>\n\t\t\t\t<div class=\"elementor-element elementor-element-df3d976 elementor-widget elementor-widget-image\" data-id=\"df3d976\" data-element_type=\"widget\" data-e-type=\"widget\" data-widget_type=\"image.default\">\n\t\t\t\t<div class=\"elementor-widget-container\">\n\t\t\t\t\t\t\t\t\t\t\t\t\t\t\t<img fetchpriority=\"high\" decoding=\"async\" width=\"960\" height=\"568\" src=\"https:\/\/www.diakonie-marbach.de\/wp-content\/uploads\/handshake-3382503_1280-1024x606.jpg\" class=\"attachment-large size-large wp-image-2301\" alt=\"\" srcset=\"https:\/\/www.diakonie-marbach.de\/wp-content\/uploads\/handshake-3382503_1280-1024x606.jpg 1024w, https:\/\/www.diakonie-marbach.de\/wp-content\/uploads\/handshake-3382503_1280-300x177.jpg 300w, https:\/\/www.diakonie-marbach.de\/wp-content\/uploads\/handshake-3382503_1280-768x454.jpg 768w, https:\/\/www.diakonie-marbach.de\/wp-content\/uploads\/handshake-3382503_1280-1140x674.jpg 1140w, https:\/\/www.diakonie-marbach.de\/wp-content\/uploads\/handshake-3382503_1280.jpg 1280w\" sizes=\"(max-width: 960px) 100vw, 960px\" \/>\t\t\t\t\t\t\t\t\t\t\t\t\t\t\t<\/div>\n\t\t\t\t<\/div>\n\t\t\t\t\t<\/div>\n\t\t<\/div>\n\t\t\t\t\t<\/div>\n\t\t<\/section>\n\t\t\t\t<section class=\"elementor-section elementor-top-section elementor-element elementor-element-780e0de elementor-section-boxed elementor-section-height-default elementor-section-height-default\" data-id=\"780e0de\" data-element_type=\"section\" data-e-type=\"section\">\n\t\t\t\t\t\t<div class=\"elementor-container elementor-column-gap-default\">\n\t\t\t\t\t<div class=\"elementor-column elementor-col-100 elementor-top-column elementor-element elementor-element-d189261\" data-id=\"d189261\" data-element_type=\"column\" data-e-type=\"column\">\n\t\t\t<div class=\"elementor-widget-wrap elementor-element-populated\">\n\t\t\t\t\t\t<div class=\"elementor-element elementor-element-bf959d3 elementor-widget elementor-widget-text-editor\" data-id=\"bf959d3\" data-element_type=\"widget\" data-e-type=\"widget\" data-widget_type=\"text-editor.default\">\n\t\t\t\t<div class=\"elementor-widget-container\">\n\t\t\t\t\t\t\t\t\t<p>Wir k\u00f6nnen Sie ab sofort auch online unterst\u00fctzen.<\/p><p><strong>Welche Vorteile haben Sie?<\/strong><\/p><ul><li>Zeitunabh\u00e4ngige Beratung<br \/>-&gt; z.B. Berufst\u00e4tige bekommen Zugang zur Beratung (Sie sind nun nicht mehr an unsere \u00d6ffnungszeiten gebunden)<\/li><li>Kontaktlose Beratung<br \/>-&gt; z.B. in einer Pandemie (Sie k\u00f6nnen nun auch von Zuhause, eine qualitativ gute Beratung erhalten)<\/li><\/ul><ul><li>Ortsunabh\u00e4ngige Beratung<\/li><\/ul><p>\u00a0\u00a0\u00a0 -&gt; z.B. ersparen sich den Fahrweg<\/p><p>\u00a0\u00a0\u00a0 -&gt; Beratung auch von erkrankten Menschen, die nicht pers\u00f6nlich in unsere <br \/>\u00a0\u00a0\u00a0\u00a0\u00a0\u00a0\u00a0 Beratung kommen k\u00f6nnen<\/p><p>\u00a0&#8230;und einige mehr.<\/p><p><strong>In welchen Bereichen beraten wir Sie?<\/strong><\/p><p>Der Beratungsumfang ist identisch, mit der in unserer Beratung in der Dienststelle.<\/p><p>Wir beraten Sie bei:<\/p><ul><li>Problemen mit \u00c4mtern (z.B. Jobcenter)<\/li><li>Geldproblemen<\/li><li>Schulden<\/li><li>wenn Sie Fragen zu sozialen Hilfen haben (z.B. welchen Anspruch habe ich ? ALG I oder II, Wohngeld, Kinderzuschlag, Grundsicherung&#8230;?)<\/li><\/ul><p>Leistungsumfang des neuen Angebotes:<\/p><ul><li>anonyme Registrierung<\/li><li>anonyme Nachrichten schreiben<br \/>-&gt; sp\u00e4ter auch personenbezogene Beratung m\u00f6glich, n\u00e4hres finden Sie auch auf unser neuen Website, der Link dazu, befindet sich weiter unten.<\/li><li>Sie k\u00f6nnen uns Dateien zuschicken (z.B. Bescheide vom Jobcenter)<\/li><li>anonymer Chat<\/li><li>zudem Formulare zu allen sozialen Hilfen befindet sich auf der neuen Website<\/li><li>und wichtige Links (u.a. KIZ-Lotse)<\/li><\/ul><p><span style=\"color: #0000ff;\"><strong>Schauen Sie vorbei, wir beraten Sie anonym, schnell und diskret &#8211; #wirsindf\u00fcrsieda.<\/strong><\/span><\/p>\t\t\t\t\t\t\t\t<\/div>\n\t\t\t\t<\/div>\n\t\t\t\t<div class=\"elementor-element elementor-element-af54d17 elementor-align-center elementor-widget elementor-widget-button\" data-id=\"af54d17\" data-element_type=\"widget\" data-e-type=\"widget\" data-widget_type=\"button.default\">\n\t\t\t\t<div class=\"elementor-widget-container\">\n\t\t\t\t\t\t\t\t\t<div class=\"elementor-button-wrapper\">\n\t\t\t\t\t<a class=\"elementor-button elementor-button-link elementor-size-lg\" href=\"https:\/\/marbach-onlineberatung.de\/\">\n\t\t\t\t\t\t<span class=\"elementor-button-content-wrapper\">\n\t\t\t\t\t\t<span class=\"elementor-button-icon\">\n\t\t\t\t<i aria-hidden=\"true\" class=\"far fa-comment-dots\"><\/i>\t\t\t<\/span>\n\t\t\t\t\t\t\t\t\t<span class=\"elementor-button-text\">Zur Onlineberatung<\/span>\n\t\t\t\t\t<\/span>\n\t\t\t\t\t<\/a>\n\t\t\t\t<\/div>\n\t\t\t\t\t\t\t\t<\/div>\n\t\t\t\t<\/div>\n\t\t\t\t<div class=\"elementor-element elementor-element-49947fd elementor-widget elementor-widget-image\" data-id=\"49947fd\" data-element_type=\"widget\" data-e-type=\"widget\" data-widget_type=\"image.default\">\n\t\t\t\t<div class=\"elementor-widget-container\">\n\t\t\t\t\t\t\t\t\t\t\t\t\t\t\t<img decoding=\"async\" width=\"662\" height=\"130\" src=\"https:\/\/www.diakonie-marbach.de\/wp-content\/uploads\/Bildschirmfoto-2020-09-16-um-12.52.57.png\" class=\"attachment-large size-large wp-image-2319\" alt=\"\" srcset=\"https:\/\/www.diakonie-marbach.de\/wp-content\/uploads\/Bildschirmfoto-2020-09-16-um-12.52.57.png 662w, https:\/\/www.diakonie-marbach.de\/wp-content\/uploads\/Bildschirmfoto-2020-09-16-um-12.52.57-300x59.png 300w\" sizes=\"(max-width: 662px) 100vw, 662px\" \/>\t\t\t\t\t\t\t\t\t\t\t\t\t\t\t<\/div>\n\t\t\t\t<\/div>\n\t\t\t\t\t<\/div>\n\t\t<\/div>\n\t\t\t\t\t<\/div>\n\t\t<\/section>\n\t\t\t\t<\/div>\n\t\t","protected":false},"excerpt":{"rendered":"<p>Neues Angebot Wir k\u00f6nnen Sie ab sofort auch online unterst\u00fctzen. Welche Vorteile haben Sie? Zeitunabh\u00e4ngige Beratung-&gt; z.B. Berufst\u00e4tige bekommen Zugang zur Beratung (Sie sind nun nicht mehr an unsere \u00d6ffnungszeiten gebunden) Kontaktlose Beratung-&gt; z.B. in einer Pandemie (Sie k\u00f6nnen nun auch von Zuhause, eine qualitativ gute Beratung erhalten) Ortsunabh\u00e4ngige Beratung \u00a0\u00a0\u00a0 -&gt; z.B. ersparen sich den Fahrweg \u00a0\u00a0\u00a0 -&gt; Beratung auch von erkrankten Menschen, die nicht pers\u00f6nlich in unsere \u00a0\u00a0\u00a0\u00a0\u00a0\u00a0\u00a0 Beratung kommen k\u00f6nnen \u00a0&#8230;und einige mehr. In welchen Bereichen beraten wir Sie? Der Beratungsumfang ist identisch, mit der in unserer Beratung in der Dienststelle. Wir beraten Sie bei: Problemen mit \u00c4mtern (z.B. Jobcenter) Geldproblemen Schulden wenn Sie Fragen zu sozialen Hilfen haben (z.B. welchen Anspruch habe ich ? ALG I oder II, Wohngeld, Kinderzuschlag, Grundsicherung&#8230;?) Leistungsumfang des neuen Angebotes: anonyme Registrierung anonyme Nachrichten schreiben-&gt; sp\u00e4ter auch personenbezogene Beratung m\u00f6glich, n\u00e4hres finden Sie auch auf unser neuen Website, der Link dazu, befindet sich weiter unten. Sie k\u00f6nnen uns Dateien zuschicken (z.B. Bescheide vom Jobcenter) anonymer Chat zudem Formulare zu allen sozialen Hilfen befindet sich auf der neuen Website und wichtige Links (u.a. KIZ-Lotse) Schauen Sie vorbei, wir beraten Sie anonym, schnell und diskret &#8211; #wirsindf\u00fcrsieda. Zur Onlineberatung<\/p>\n","protected":false},"author":1,"featured_media":0,"parent":0,"menu_order":0,"comment_status":"closed","ping_status":"closed","template":"","meta":{"ngg_post_thumbnail":0,"footnotes":""},"class_list":["post-2242","page","type-page","status-publish","hentry"],"_links":{"self":[{"href":"https:\/\/www.diakonie-marbach.de\/index.php\/wp-json\/wp\/v2\/pages\/2242","targetHints":{"allow":["GET"]}}],"collection":[{"href":"https:\/\/www.diakonie-marbach.de\/index.php\/wp-json\/wp\/v2\/pages"}],"about":[{"href":"https:\/\/www.diakonie-marbach.de\/index.php\/wp-json\/wp\/v2\/types\/page"}],"author":[{"embeddable":true,"href":"https:\/\/www.diakonie-marbach.de\/index.php\/wp-json\/wp\/v2\/users\/1"}],"replies":[{"embeddable":true,"href":"https:\/\/www.diakonie-marbach.de\/index.php\/wp-json\/wp\/v2\/comments?post=2242"}],"version-history":[{"count":32,"href":"https:\/\/www.diakonie-marbach.de\/index.php\/wp-json\/wp\/v2\/pages\/2242\/revisions"}],"predecessor-version":[{"id":2596,"href":"https:\/\/www.diakonie-marbach.de\/index.php\/wp-json\/wp\/v2\/pages\/2242\/revisions\/2596"}],"wp:attachment":[{"href":"https:\/\/www.diakonie-marbach.de\/index.php\/wp-json\/wp\/v2\/media?parent=2242"}],"curies":[{"name":"wp","href":"https:\/\/api.w.org\/{rel}","templated":true}]}}