{"id":2014,"date":"2020-04-30T09:11:43","date_gmt":"2020-04-30T07:11:43","guid":{"rendered":"http:\/\/www.diakonie-marbach.de\/?page_id=2014"},"modified":"2021-10-29T08:29:51","modified_gmt":"2021-10-29T06:29:51","slug":"arbeitsmarktbericht-der-agentur-fuer-arbeit-ludwigsburg","status":"publish","type":"page","link":"https:\/\/www.diakonie-marbach.de\/index.php\/arbeitsmarktbericht-der-agentur-fuer-arbeit-ludwigsburg\/","title":{"rendered":"Arbeitsmarktbericht der Agentur f\u00fcr Arbeit Ludwigsburg"},"content":{"rendered":"<p>Im Zuge der Herbstbelebung hat sich die Zahl der Arbeitslosen im Oktober 2021 weiter verringert. Bei der Agentur f\u00fcr Arbeit Ludwigsburg und dem kommunalen Jobcenter Landkreis Ludwigsburg waren im aktuellen Berichtsmonat 9.577 Frauen und M\u00e4nner arbeitslos gemeldet. Das war zum September 2021 ein R\u00fcckgang um 321 Personen oder 3,2 Prozent und zum Vorjahresmonat ein R\u00fcckgang um 2.062 Personen oder 17,7 Prozent. Die Arbeitslosenquote auf Basis aller zivilen Erwerbspersonen verringerte sich zum Vormonat um 0,1 Prozentpunkte auf 3,1 Prozent, vor einem Jahr lag sie bei 3,7 Prozent. Die Arbeitslosenquote in Baden-W\u00fcrttemberg lag im Oktober bei 3,5 Prozent (Vorjahresmonat 4,3 Prozent).<\/p>\n<p>\u201eDie Arbeitslosigkeit im Agenturbezirk ist im Oktober erneut zur\u00fcckgegangen. Der Arbeitsmarkt zeigte sich trotz wachsender Unsicherheiten in der Wirtschaft weiterhin stabil. Der hohe Fachkr\u00e4ftebedarf und die insgesamt lebhafte Nachfrage nach Arbeitskr\u00e4ften lassen auch die Besch\u00e4ftigungschancen von arbeitslosen Menschen wieder steigen\u201c, beschreibt Martin Scheel, Chef der Ludwigsburger Arbeitsagentur, die aktuelle Lage auf dem Arbeitsmarkt.<\/p>\n<p>Ein besonderes Augenmerk, so Scheel, braucht auch in der Zukunft die Verringerung von Langzeitarbeitslosigkeit im Agenturbezirk. Im Oktober 2021 waren 3.203 Menschen 12 Monate oder l\u00e4nger arbeitslos, im Vergleich zum Oktober 2020 eine Zunahme um 436 Personen oder 15,8 Prozent. Sehr erfreulich sei die Situation bei jungen Menschen. Hier gab es im Vergleich zum Vorjahr bei den unter 25-j\u00e4hrigen einen kr\u00e4ftigen R\u00fcckgang der Arbeitslosigkeit um 431 Personen oder 36,9 Prozent.<\/p>\n<p>&nbsp;<\/p>\n<p>28.10.2021<\/p>\n<p>Quelle: Agentur f\u00fcr Arbeit Ludwigsburg<\/p>\n","protected":false},"excerpt":{"rendered":"<p>Im Zuge der Herbstbelebung hat sich die Zahl der Arbeitslosen im Oktober 2021 weiter verringert. Bei der Agentur f\u00fcr Arbeit Ludwigsburg und dem kommunalen Jobcenter Landkreis Ludwigsburg waren im aktuellen Berichtsmonat 9.577 Frauen und M\u00e4nner arbeitslos gemeldet. Das war zum September 2021 ein R\u00fcckgang um 321 Personen oder 3,2 Prozent und zum Vorjahresmonat ein R\u00fcckgang um 2.062 Personen oder 17,7 Prozent. Die Arbeitslosenquote auf Basis aller zivilen Erwerbspersonen verringerte sich zum Vormonat um 0,1 Prozentpunkte auf 3,1 Prozent, vor einem Jahr lag sie bei 3,7 Prozent. Die Arbeitslosenquote in Baden-W\u00fcrttemberg lag im Oktober bei 3,5 Prozent (Vorjahresmonat 4,3 Prozent). \u201eDie Arbeitslosigkeit im Agenturbezirk ist im Oktober erneut zur\u00fcckgegangen. Der Arbeitsmarkt zeigte sich trotz wachsender Unsicherheiten in der Wirtschaft weiterhin stabil. Der hohe Fachkr\u00e4ftebedarf und die insgesamt lebhafte Nachfrage nach Arbeitskr\u00e4ften lassen auch die Besch\u00e4ftigungschancen von arbeitslosen Menschen wieder steigen\u201c, beschreibt Martin Scheel, Chef der Ludwigsburger Arbeitsagentur, die aktuelle Lage auf dem Arbeitsmarkt. Ein besonderes Augenmerk, so Scheel, braucht auch in der Zukunft die Verringerung von Langzeitarbeitslosigkeit im Agenturbezirk. Im Oktober 2021 waren 3.203 Menschen 12 Monate oder l\u00e4nger arbeitslos, im Vergleich zum Oktober 2020 eine Zunahme um 436 Personen oder 15,8 Prozent. Sehr erfreulich sei die Situation bei jungen Menschen. Hier gab es im Vergleich zum Vorjahr bei den unter 25-j\u00e4hrigen einen kr\u00e4ftigen R\u00fcckgang der Arbeitslosigkeit um 431 Personen oder 36,9 Prozent. &nbsp; 28.10.2021 Quelle: Agentur f\u00fcr Arbeit Ludwigsburg<\/p>\n","protected":false},"author":1,"featured_media":0,"parent":0,"menu_order":0,"comment_status":"closed","ping_status":"closed","template":"","meta":{"ngg_post_thumbnail":0,"footnotes":""},"class_list":["post-2014","page","type-page","status-publish","hentry"],"_links":{"self":[{"href":"https:\/\/www.diakonie-marbach.de\/index.php\/wp-json\/wp\/v2\/pages\/2014","targetHints":{"allow":["GET"]}}],"collection":[{"href":"https:\/\/www.diakonie-marbach.de\/index.php\/wp-json\/wp\/v2\/pages"}],"about":[{"href":"https:\/\/www.diakonie-marbach.de\/index.php\/wp-json\/wp\/v2\/types\/page"}],"author":[{"embeddable":true,"href":"https:\/\/www.diakonie-marbach.de\/index.php\/wp-json\/wp\/v2\/users\/1"}],"replies":[{"embeddable":true,"href":"https:\/\/www.diakonie-marbach.de\/index.php\/wp-json\/wp\/v2\/comments?post=2014"}],"version-history":[{"count":2,"href":"https:\/\/www.diakonie-marbach.de\/index.php\/wp-json\/wp\/v2\/pages\/2014\/revisions"}],"predecessor-version":[{"id":3318,"href":"https:\/\/www.diakonie-marbach.de\/index.php\/wp-json\/wp\/v2\/pages\/2014\/revisions\/3318"}],"wp:attachment":[{"href":"https:\/\/www.diakonie-marbach.de\/index.php\/wp-json\/wp\/v2\/media?parent=2014"}],"curies":[{"name":"wp","href":"https:\/\/api.w.org\/{rel}","templated":true}]}}