{"id":1774,"date":"2020-01-30T13:57:55","date_gmt":"2020-01-30T12:57:55","guid":{"rendered":"http:\/\/www.diakonie-marbach.de\/?page_id=1774"},"modified":"2025-09-15T15:59:01","modified_gmt":"2025-09-15T13:59:01","slug":"startseite-2","status":"publish","type":"page","link":"https:\/\/www.diakonie-marbach.de\/","title":{"rendered":""},"content":{"rendered":"\t\t<div data-elementor-type=\"wp-page\" data-elementor-id=\"1774\" class=\"elementor elementor-1774\">\n\t\t\t\t\t\t<section class=\"elementor-section elementor-top-section elementor-element elementor-element-7117a9e8 elementor-section-boxed elementor-section-height-default elementor-section-height-default\" data-id=\"7117a9e8\" data-element_type=\"section\" data-e-type=\"section\">\n\t\t\t\t\t\t<div class=\"elementor-container elementor-column-gap-default\">\n\t\t\t\t\t<div class=\"elementor-column elementor-col-100 elementor-top-column elementor-element elementor-element-5285169d\" data-id=\"5285169d\" data-element_type=\"column\" data-e-type=\"column\">\n\t\t\t<div class=\"elementor-widget-wrap elementor-element-populated\">\n\t\t\t\t\t\t<div class=\"elementor-element elementor-element-79e49a7 elementor-widget elementor-widget-text-editor\" data-id=\"79e49a7\" data-element_type=\"widget\" data-e-type=\"widget\" data-widget_type=\"text-editor.default\">\n\t\t\t\t<div class=\"elementor-widget-container\">\n\t\t\t\t\t\t\t\t\t<p style=\"text-align: center;\">\u00a0<\/p><h4 style=\"text-align: center;\"><span style=\"color: #003300;\">Wir sind eine wohnortnahe Beratungsstelle f\u00fcr Menschen aus dem Evangelischen Kirchenbezirk Marbach. Unsere Angebote stehen allen Menschen zur Verf\u00fcgung, unabh\u00e4ngig von Religionszugeh\u00f6rigkeit, Staatsangeh\u00f6rigkeit oder anderen Vorbedingungen.<\/span><\/h4><h4 style=\"text-align: center;\"><span style=\"color: #003300;\">Viel Freude beim St\u00f6bern auf unserer Homepage.<\/span><\/h4><p style=\"text-align: center;\"><strong><span style=\"color: #009bff;\">Diakonische Bezirksstelle Marbach a.N.<\/span><\/strong><br \/><strong><span style=\"color: #009bff;\">Bahnhofstra\u00dfe 10<\/span><\/strong><br \/><strong><span style=\"color: #009bff;\">71672 Marbach a.N.<\/span><\/strong><br \/><strong><span style=\"color: #009bff;\">Telefon: 07144-97375<\/span><\/strong><br \/><strong><span style=\"color: #009bff;\">Fax: 07144-17605<\/span><\/strong><br \/><strong><span style=\"color: #009bff;\">E-Mail:<\/span> <\/strong><a href=\"info@diakonie-marbach.de\"><strong>info@diakonie-marbach.de<\/strong><\/a><\/p><p style=\"text-align: center;\"><strong><span style=\"color: #009bff;\">Sprechzeiten:<\/span><\/strong><br \/><strong><span style=\"color: #009bff;\">Montag und Donnerstag von 9:00 Uhr bis 11:00 Uhr<\/span><\/strong><br \/><strong><span style=\"color: #009bff;\">Dienstag 15:00 Uhr bis 17:00 Uhr<\/span><\/strong><\/p><p style=\"text-align: center;\"><strong><span style=\"color: #009bff;\">Au\u00dfensprechstunde in Beilstein (Rathaus):<\/span><\/strong><\/p><p style=\"text-align: center;\"><strong><span style=\"color: #009bff;\">Neu: Jeden 4. Dienstag <u>nur<\/u> nach telefonischer Anmeldung<\/span><\/strong><\/p><p style=\"text-align: center;\"><strong><span style=\"color: #009bff;\">Von 10:30 bis 12:00 Uhr<\/span><span style=\"color: #009bff;\">\u00a0<\/span>\u00a0\u00a0 <\/strong><\/p>\t\t\t\t\t\t\t\t<\/div>\n\t\t\t\t<\/div>\n\t\t\t\t<div class=\"elementor-element elementor-element-a7aa8f9 elementor-widget elementor-widget-image\" data-id=\"a7aa8f9\" data-element_type=\"widget\" data-e-type=\"widget\" data-widget_type=\"image.default\">\n\t\t\t\t<div class=\"elementor-widget-container\">\n\t\t\t\t\t\t\t\t\t\t\t\t\t\t\t<img decoding=\"async\" width=\"300\" height=\"106\" src=\"https:\/\/www.diakonie-marbach.de\/wp-content\/uploads\/Logo-schmal-300x106.jpg\" class=\"attachment-medium size-medium wp-image-4536\" alt=\"\" srcset=\"https:\/\/www.diakonie-marbach.de\/wp-content\/uploads\/Logo-schmal-300x106.jpg 300w, https:\/\/www.diakonie-marbach.de\/wp-content\/uploads\/Logo-schmal-1024x361.jpg 1024w, https:\/\/www.diakonie-marbach.de\/wp-content\/uploads\/Logo-schmal-768x271.jpg 768w, https:\/\/www.diakonie-marbach.de\/wp-content\/uploads\/Logo-schmal-1140x402.jpg 1140w, https:\/\/www.diakonie-marbach.de\/wp-content\/uploads\/Logo-schmal.jpg 1241w\" sizes=\"(max-width: 300px) 100vw, 300px\" \/>\t\t\t\t\t\t\t\t\t\t\t\t\t\t\t<\/div>\n\t\t\t\t<\/div>\n\t\t\t\t<div class=\"elementor-element elementor-element-fd673b2 elementor-widget elementor-widget-heading\" data-id=\"fd673b2\" data-element_type=\"widget\" data-e-type=\"widget\" data-settings=\"{&quot;_animation&quot;:&quot;none&quot;}\" data-widget_type=\"heading.default\">\n\t\t\t\t<div class=\"elementor-widget-container\">\n\t\t\t\t\t<h2 class=\"elementor-heading-title elementor-size-large\">Der Evangelische Kirchenbezirk<\/h2>\t\t\t\t<\/div>\n\t\t\t\t<\/div>\n\t\t\t\t<div class=\"elementor-element elementor-element-0b50fd4 elementor-widget elementor-widget-image\" data-id=\"0b50fd4\" data-element_type=\"widget\" data-e-type=\"widget\" data-widget_type=\"image.default\">\n\t\t\t\t<div class=\"elementor-widget-container\">\n\t\t\t\t\t\t\t\t\t\t\t\t\t\t\t<img decoding=\"async\" src=\"https:\/\/www.diakonie-marbach.de\/wp-content\/uploads\/elementor\/thumbs\/KB-nwon9pjrkb4w76aidovc9xmbvb03wlg4qkuol25g94.png\" title=\"KB\" alt=\"KB\" loading=\"lazy\" \/>\t\t\t\t\t\t\t\t\t\t\t\t\t\t\t<\/div>\n\t\t\t\t<\/div>\n\t\t\t\t\t<\/div>\n\t\t<\/div>\n\t\t\t\t\t<\/div>\n\t\t<\/section>\n\t\t\t\t<section class=\"elementor-section elementor-top-section elementor-element elementor-element-6ce5e31 elementor-section-boxed elementor-section-height-default elementor-section-height-default\" data-id=\"6ce5e31\" data-element_type=\"section\" data-e-type=\"section\">\n\t\t\t\t\t\t<div class=\"elementor-container elementor-column-gap-default\">\n\t\t\t\t\t<div class=\"elementor-column elementor-col-100 elementor-top-column elementor-element elementor-element-d7ef72f\" data-id=\"d7ef72f\" data-element_type=\"column\" data-e-type=\"column\">\n\t\t\t<div class=\"elementor-widget-wrap\">\n\t\t\t\t\t\t\t<\/div>\n\t\t<\/div>\n\t\t\t\t\t<\/div>\n\t\t<\/section>\n\t\t\t\t<\/div>\n\t\t","protected":false},"excerpt":{"rendered":"<p>\u00a0 Wir sind eine wohnortnahe Beratungsstelle f\u00fcr Menschen aus dem Evangelischen Kirchenbezirk Marbach. Unsere Angebote stehen allen Menschen zur Verf\u00fcgung, unabh\u00e4ngig von Religionszugeh\u00f6rigkeit, Staatsangeh\u00f6rigkeit oder anderen Vorbedingungen. Viel Freude beim St\u00f6bern auf unserer Homepage. Diakonische Bezirksstelle Marbach a.N.Bahnhofstra\u00dfe 1071672 Marbach a.N.Telefon: 07144-97375Fax: 07144-17605E-Mail: info@diakonie-marbach.de Sprechzeiten:Montag und Donnerstag von 9:00 Uhr bis 11:00 UhrDienstag 15:00 Uhr bis 17:00 Uhr Au\u00dfensprechstunde in Beilstein (Rathaus): Neu: Jeden 4. Dienstag nur nach telefonischer Anmeldung Von 10:30 bis 12:00 Uhr\u00a0\u00a0\u00a0 Der Evangelische Kirchenbezirk<\/p>\n","protected":false},"author":1,"featured_media":0,"parent":0,"menu_order":0,"comment_status":"closed","ping_status":"closed","template":"","meta":{"ngg_post_thumbnail":0,"footnotes":""},"class_list":["post-1774","page","type-page","status-publish","hentry"],"_links":{"self":[{"href":"https:\/\/www.diakonie-marbach.de\/index.php\/wp-json\/wp\/v2\/pages\/1774","targetHints":{"allow":["GET"]}}],"collection":[{"href":"https:\/\/www.diakonie-marbach.de\/index.php\/wp-json\/wp\/v2\/pages"}],"about":[{"href":"https:\/\/www.diakonie-marbach.de\/index.php\/wp-json\/wp\/v2\/types\/page"}],"author":[{"embeddable":true,"href":"https:\/\/www.diakonie-marbach.de\/index.php\/wp-json\/wp\/v2\/users\/1"}],"replies":[{"embeddable":true,"href":"https:\/\/www.diakonie-marbach.de\/index.php\/wp-json\/wp\/v2\/comments?post=1774"}],"version-history":[{"count":341,"href":"https:\/\/www.diakonie-marbach.de\/index.php\/wp-json\/wp\/v2\/pages\/1774\/revisions"}],"predecessor-version":[{"id":5519,"href":"https:\/\/www.diakonie-marbach.de\/index.php\/wp-json\/wp\/v2\/pages\/1774\/revisions\/5519"}],"wp:attachment":[{"href":"https:\/\/www.diakonie-marbach.de\/index.php\/wp-json\/wp\/v2\/media?parent=1774"}],"curies":[{"name":"wp","href":"https:\/\/api.w.org\/{rel}","templated":true}]}}