{"id":1740,"date":"2020-01-15T08:01:41","date_gmt":"2020-01-15T07:01:41","guid":{"rendered":"http:\/\/www.diakonie-marbach.de\/?page_id=1740"},"modified":"2020-02-06T13:53:00","modified_gmt":"2020-02-06T12:53:00","slug":"der-evangelische-kirchenbezirk-marbach","status":"publish","type":"page","link":"https:\/\/www.diakonie-marbach.de\/index.php\/der-evangelische-kirchenbezirk-marbach\/","title":{"rendered":"Der Evangelische Kirchenbezirk Marbach"},"content":{"rendered":"<p>Der Evangelische Kirchenbezirk Marbach ist der Tr\u00e4ger der Diakonischen Bezirksstelle.<br \/>\nIn dessen Auftrag nehmen wir die Soziale Arbeit f\u00fcr die Menschen wahr.<br \/>\nDer Evangelische Kirchenbezirk Marbach besteht aus 19 Kirchengemeinden mit zusammen rund 37.500 evangelischen Gemeindegliedern.<\/p>\n<p>Das Dekanat erstreckt sich \u00fcberwiegend \u00f6stlich entlang der Autobahn A 81 und grenzt im Norden an die Kirchenbezirke Heilbronn und Weinsberg, im Westen an den Kirchenbezirk Besigheim, im Osten an den Kirchenbezirk Backnang und im S\u00fcden an die Kirchenbezirke Ludwigsburg und Waiblingen. Bis auf vier Kirchengemeinden befindet sich der Gro\u00dfteil im Landkreis Ludwigsburg.<\/p>\n<p>\u00dcber die Homepage des Kirchenbezirkes k\u00f6nnen Sie sich \u00fcber die Angebote des Kirchenbezirkes wie auch der einzelnen Kirchengemeinden informieren.<\/p>\n<p>Evangelisches Dekanat Marbach<br \/>\nUhlandstra\u00dfe 9<br \/>\n71672 Marbach<br \/>\nTel:07144-13922<br \/>\ndekanatamt.marbach@elkw.de<br \/>\n<a href=\"http:\/\/www.kirchenbezirk.marbach.elk-wue.de\" target=\"_blank\" rel=\"noopener noreferrer\">http:\/\/www.kirchenbezirk.marbach.elk-wue.de<\/a><\/p>\n<p><img fetchpriority=\"high\" decoding=\"async\" class=\"alignleft size-full wp-image-1134\" src=\"http:\/\/www.diakonie-marbach.de\/wp-content\/uploads\/KB.png\" alt=\"\" width=\"1618\" height=\"1953\" srcset=\"https:\/\/www.diakonie-marbach.de\/wp-content\/uploads\/KB.png 1618w, https:\/\/www.diakonie-marbach.de\/wp-content\/uploads\/KB-249x300.png 249w, https:\/\/www.diakonie-marbach.de\/wp-content\/uploads\/KB-768x927.png 768w, https:\/\/www.diakonie-marbach.de\/wp-content\/uploads\/KB-848x1024.png 848w\" sizes=\"(max-width: 1618px) 100vw, 1618px\" \/><\/p>\n<p>&nbsp;<\/p>\n","protected":false},"excerpt":{"rendered":"<p>Der Evangelische Kirchenbezirk Marbach ist der Tr\u00e4ger der Diakonischen Bezirksstelle. In dessen Auftrag nehmen wir die Soziale Arbeit f\u00fcr die Menschen wahr. Der Evangelische Kirchenbezirk Marbach besteht aus 19 Kirchengemeinden mit zusammen rund 37.500 evangelischen Gemeindegliedern. Das Dekanat erstreckt sich \u00fcberwiegend \u00f6stlich entlang der Autobahn A 81 und grenzt im Norden an die Kirchenbezirke Heilbronn und Weinsberg, im Westen an den Kirchenbezirk Besigheim, im Osten an den Kirchenbezirk Backnang und im S\u00fcden an die Kirchenbezirke Ludwigsburg und Waiblingen. Bis auf vier Kirchengemeinden befindet sich der Gro\u00dfteil im Landkreis Ludwigsburg. \u00dcber die Homepage des Kirchenbezirkes k\u00f6nnen Sie sich \u00fcber die Angebote des Kirchenbezirkes wie auch der einzelnen Kirchengemeinden informieren. Evangelisches Dekanat Marbach Uhlandstra\u00dfe 9 71672 Marbach Tel:07144-13922 dekanatamt.marbach@elkw.de http:\/\/www.kirchenbezirk.marbach.elk-wue.de &nbsp;<\/p>\n","protected":false},"author":1,"featured_media":0,"parent":0,"menu_order":0,"comment_status":"closed","ping_status":"closed","template":"","meta":{"ngg_post_thumbnail":0,"footnotes":""},"class_list":["post-1740","page","type-page","status-publish","hentry"],"_links":{"self":[{"href":"https:\/\/www.diakonie-marbach.de\/index.php\/wp-json\/wp\/v2\/pages\/1740","targetHints":{"allow":["GET"]}}],"collection":[{"href":"https:\/\/www.diakonie-marbach.de\/index.php\/wp-json\/wp\/v2\/pages"}],"about":[{"href":"https:\/\/www.diakonie-marbach.de\/index.php\/wp-json\/wp\/v2\/types\/page"}],"author":[{"embeddable":true,"href":"https:\/\/www.diakonie-marbach.de\/index.php\/wp-json\/wp\/v2\/users\/1"}],"replies":[{"embeddable":true,"href":"https:\/\/www.diakonie-marbach.de\/index.php\/wp-json\/wp\/v2\/comments?post=1740"}],"version-history":[{"count":6,"href":"https:\/\/www.diakonie-marbach.de\/index.php\/wp-json\/wp\/v2\/pages\/1740\/revisions"}],"predecessor-version":[{"id":1825,"href":"https:\/\/www.diakonie-marbach.de\/index.php\/wp-json\/wp\/v2\/pages\/1740\/revisions\/1825"}],"wp:attachment":[{"href":"https:\/\/www.diakonie-marbach.de\/index.php\/wp-json\/wp\/v2\/media?parent=1740"}],"curies":[{"name":"wp","href":"https:\/\/api.w.org\/{rel}","templated":true}]}}