{"id":1735,"date":"2020-01-15T07:51:44","date_gmt":"2020-01-15T06:51:44","guid":{"rendered":"http:\/\/www.diakonie-marbach.de\/?page_id=1735"},"modified":"2020-01-15T07:53:18","modified_gmt":"2020-01-15T06:53:18","slug":"diakoniegesetz","status":"publish","type":"page","link":"https:\/\/www.diakonie-marbach.de\/index.php\/diakoniegesetz\/","title":{"rendered":"Diakoniegesetz"},"content":{"rendered":"<h1 class=\"chapter_title center\" align=\"center\"><strong>Kirchliches Gesetz \u00fcber die diakonische Arbeit in der<\/strong><\/h1>\n<h1 class=\"chapter_title center\" align=\"center\"><strong>W\u00fcrttembergischen Landeskirche (Diakoniegesetz)<\/strong><\/h1>\n<p class=\"chapter_subtitle_type center\" align=\"center\">Abl. 59 S. 407)<\/p>\n<p class=\"chapter_subtitle_type center\" align=\"center\">\u00a7\u00a01<br \/>\nGrundbestimmung<\/p>\n<div class=\"para\"><span class=\"randnr\"> ( 1 ) <\/span>Diakonie ist gelebter Glaube der christlichen Gemeinde in Wort und Tat. Der Glaube antwortet auf die Verk\u00fcndigung des Evangeliums; er erw\u00e4chst aus der Liebe Gottes, die in Jesus Christus allen Menschen zugewandt ist. Alle Glieder der Gemeinde sind darum zur Diakonie gerufen. Diakonie sucht den bedr\u00e4ngten Menschen in der N\u00e4he und in der Ferne, um ihm zu helfen. Sie ist bestrebt, auch der Not zu begegnen, die ganze Gruppen von Menschen bedr\u00fcckt, den Ursachen von Notst\u00e4nden nachzugehen und zu ihrer Behebung \u2013 gemeinsam mit den Betroffenen und auch mit anderen Institutionen \u2013 beizutragen.<\/div>\n<div><\/div>\n<div class=\"para\">\n<p><span class=\"randnr\"> ( 2 ) <\/span>Der diakonische Auftrag wird als Lebens- und Wesens\u00e4u\u00dferung der Kirche wahrgenommen,<\/p>\n<ol type=\"1\">\n<li>\n<div class=\"para\">von den Kirchengemeinden,<\/div>\n<\/li>\n<li>\n<div class=\"para\">von den Kirchenbezirken,<\/div>\n<\/li>\n<li>\n<div class=\"para\">von den kirchlichen Verb\u00e4nden in Stadt- und Landkreisen,<\/div>\n<\/li>\n<li>\n<div class=\"para\">von den diakonischen Einrichtungen, deren Tr\u00e4ger zur Landeskirche geh\u00f6ren oder mit ihr \u00f6kumenisch verbunden sind,<\/div>\n<\/li>\n<li>\n<div class=\"para\">vom Diakonischen Werk der evangelischen Kirche in W\u00fcrttemberg e. V.<\/div>\n<\/li>\n<li>\n<div class=\"para\">von der Landeskirche.<\/div>\n<\/li>\n<\/ol>\n<\/div>\n","protected":false},"excerpt":{"rendered":"<p>Kirchliches Gesetz \u00fcber die diakonische Arbeit in der W\u00fcrttembergischen Landeskirche (Diakoniegesetz) Abl. 59 S. 407) \u00a7\u00a01 Grundbestimmung ( 1 ) Diakonie ist gelebter Glaube der christlichen Gemeinde in Wort und Tat. Der Glaube antwortet auf die Verk\u00fcndigung des Evangeliums; er erw\u00e4chst aus der Liebe Gottes, die in Jesus Christus allen Menschen zugewandt ist. Alle Glieder der Gemeinde sind darum zur Diakonie gerufen. Diakonie sucht den bedr\u00e4ngten Menschen in der N\u00e4he und in der Ferne, um ihm zu helfen. Sie ist bestrebt, auch der Not zu begegnen, die ganze Gruppen von Menschen bedr\u00fcckt, den Ursachen von Notst\u00e4nden nachzugehen und zu ihrer Behebung \u2013 gemeinsam mit den Betroffenen und auch mit anderen Institutionen \u2013 beizutragen. ( 2 ) Der diakonische Auftrag wird als Lebens- und Wesens\u00e4u\u00dferung der Kirche wahrgenommen, von den Kirchengemeinden, von den Kirchenbezirken, von den kirchlichen Verb\u00e4nden in Stadt- und Landkreisen, von den diakonischen Einrichtungen, deren Tr\u00e4ger zur Landeskirche geh\u00f6ren oder mit ihr \u00f6kumenisch verbunden sind, vom Diakonischen Werk der evangelischen Kirche in W\u00fcrttemberg e. V. von der Landeskirche.<\/p>\n","protected":false},"author":1,"featured_media":0,"parent":0,"menu_order":0,"comment_status":"closed","ping_status":"closed","template":"","meta":{"ngg_post_thumbnail":0,"footnotes":""},"class_list":["post-1735","page","type-page","status-publish","hentry"],"_links":{"self":[{"href":"https:\/\/www.diakonie-marbach.de\/index.php\/wp-json\/wp\/v2\/pages\/1735","targetHints":{"allow":["GET"]}}],"collection":[{"href":"https:\/\/www.diakonie-marbach.de\/index.php\/wp-json\/wp\/v2\/pages"}],"about":[{"href":"https:\/\/www.diakonie-marbach.de\/index.php\/wp-json\/wp\/v2\/types\/page"}],"author":[{"embeddable":true,"href":"https:\/\/www.diakonie-marbach.de\/index.php\/wp-json\/wp\/v2\/users\/1"}],"replies":[{"embeddable":true,"href":"https:\/\/www.diakonie-marbach.de\/index.php\/wp-json\/wp\/v2\/comments?post=1735"}],"version-history":[{"count":2,"href":"https:\/\/www.diakonie-marbach.de\/index.php\/wp-json\/wp\/v2\/pages\/1735\/revisions"}],"predecessor-version":[{"id":1739,"href":"https:\/\/www.diakonie-marbach.de\/index.php\/wp-json\/wp\/v2\/pages\/1735\/revisions\/1739"}],"wp:attachment":[{"href":"https:\/\/www.diakonie-marbach.de\/index.php\/wp-json\/wp\/v2\/media?parent=1735"}],"curies":[{"name":"wp","href":"https:\/\/api.w.org\/{rel}","templated":true}]}}