{"id":1730,"date":"2020-01-15T07:47:28","date_gmt":"2020-01-15T06:47:28","guid":{"rendered":"http:\/\/www.diakonie-marbach.de\/?page_id=1730"},"modified":"2020-11-02T16:36:10","modified_gmt":"2020-11-02T15:36:10","slug":"was-ist-diakonie","status":"publish","type":"page","link":"https:\/\/www.diakonie-marbach.de\/index.php\/was-ist-diakonie\/","title":{"rendered":"Was ist Diakonie?"},"content":{"rendered":"<p><strong> Was ist Diakonie?<\/strong><\/p>\n<p>Die Diakonie ist der Soziale Dienst der evangelischen Kirchen. Wir verstehen unseren Auftrag als gelebte N\u00e4chstenliebe und setzen uns f\u00fcr Menschen ein, die am Rande der Gesellschaft stehen, die auf Hilfe angewiesen oder benachteiligt sind.<\/p>\n<p>Neben dieser Hilfe verstehen wir uns als Vertreter\/innen derer, die ihre Bed\u00fcrfnisse nicht selbstst\u00e4ndig vorbringen, oder regeln k\u00f6nnen und benennen \u00f6ffentlich die Ursachen von sozialer Not gegen\u00fcber Politik und Gesellschaft.<\/p>\n<p><strong>Was wir tun<\/strong><br \/>\nDie Diakonie ist die Soziale Arbeit der evangelischen Kirchen. Nah bei den Menschen zu sein, die Hilfe und Unterst\u00fctzung ben\u00f6tigen, ist f\u00fcr die Diakonie ein zentrales Anliegen.<\/p>\n<p><strong>\u00a0Unsere Leits\u00e4tze<\/strong><br \/>\nWir orientieren unser Handeln an der Bibel.<br \/>\nWir orientieren unser Handeln an der gesellschaftlichen Realit\u00e4t.<br \/>\nWir achten die W\u00fcrde des Menschen.<br \/>\nWir leisten Hilfe und verschaffen Geh\u00f6r.<br \/>\nWir orientieren uns an der Zukunft.<br \/>\nWir sind eine Gemeinschaft von Frauen und M\u00e4nnern zum Dienst am N\u00e4chsten.<br \/>\nWir sind dort, wo uns die Menschen brauchen.<br \/>\nWir sind evangelische Kirche.<br \/>\nWir setzen uns ein f\u00fcr soziale Gerechtigkeit und \u00f6kologisches Leben in der Welt.<\/p>\n<p><strong>Strategische Ausrichtung Diakonie W\u00fcrttemberg 2013-201<\/strong><\/p>\n<p>&nbsp;<\/p>\n<p><img fetchpriority=\"high\" decoding=\"async\" class=\"alignleft size-full wp-image-1090\" src=\"http:\/\/www.diakonie-marbach.de\/wp-content\/uploads\/Neues-Bild.bmp\" alt=\"\" width=\"1745\" height=\"1242\" srcset=\"https:\/\/www.diakonie-marbach.de\/wp-content\/uploads\/Neues-Bild.bmp 1745w, https:\/\/www.diakonie-marbach.de\/wp-content\/uploads\/Neues-Bild-300x214.bmp 300w, https:\/\/www.diakonie-marbach.de\/wp-content\/uploads\/Neues-Bild-768x547.bmp 768w, https:\/\/www.diakonie-marbach.de\/wp-content\/uploads\/Neues-Bild-1024x729.bmp 1024w\" sizes=\"(max-width: 1745px) 100vw, 1745px\" \/><\/p>\n<p><iframe title=\"Video: Was ist die Diakonie?\" width=\"960\" height=\"540\" src=\"https:\/\/www.youtube.com\/embed\/IsZKH6otmqE?feature=oembed\" frameborder=\"0\" allow=\"accelerometer; autoplay; clipboard-write; encrypted-media; gyroscope; picture-in-picture\" allowfullscreen><\/iframe><\/p>\n<p>&nbsp;<\/p>\n","protected":false},"excerpt":{"rendered":"<p>Was ist Diakonie? Die Diakonie ist der Soziale Dienst der evangelischen Kirchen. Wir verstehen unseren Auftrag als gelebte N\u00e4chstenliebe und setzen uns f\u00fcr Menschen ein, die am Rande der Gesellschaft stehen, die auf Hilfe angewiesen oder benachteiligt sind. Neben dieser Hilfe verstehen wir uns als Vertreter\/innen derer, die ihre Bed\u00fcrfnisse nicht selbstst\u00e4ndig vorbringen, oder regeln k\u00f6nnen und benennen \u00f6ffentlich die Ursachen von sozialer Not gegen\u00fcber Politik und Gesellschaft. Was wir tun Die Diakonie ist die Soziale Arbeit der evangelischen Kirchen. Nah bei den Menschen zu sein, die Hilfe und Unterst\u00fctzung ben\u00f6tigen, ist f\u00fcr die Diakonie ein zentrales Anliegen. \u00a0Unsere Leits\u00e4tze Wir orientieren unser Handeln an der Bibel. Wir orientieren unser Handeln an der gesellschaftlichen Realit\u00e4t. Wir achten die W\u00fcrde des Menschen. Wir leisten Hilfe und verschaffen Geh\u00f6r. Wir orientieren uns an der Zukunft. Wir sind eine Gemeinschaft von Frauen und M\u00e4nnern zum Dienst am N\u00e4chsten. Wir sind dort, wo uns die Menschen brauchen. Wir sind evangelische Kirche. Wir setzen uns ein f\u00fcr soziale Gerechtigkeit und \u00f6kologisches Leben in der Welt. Strategische Ausrichtung Diakonie W\u00fcrttemberg 2013-201 &nbsp; &nbsp;<\/p>\n","protected":false},"author":1,"featured_media":0,"parent":0,"menu_order":0,"comment_status":"closed","ping_status":"closed","template":"","meta":{"ngg_post_thumbnail":0,"footnotes":""},"class_list":["post-1730","page","type-page","status-publish","hentry"],"_links":{"self":[{"href":"https:\/\/www.diakonie-marbach.de\/index.php\/wp-json\/wp\/v2\/pages\/1730","targetHints":{"allow":["GET"]}}],"collection":[{"href":"https:\/\/www.diakonie-marbach.de\/index.php\/wp-json\/wp\/v2\/pages"}],"about":[{"href":"https:\/\/www.diakonie-marbach.de\/index.php\/wp-json\/wp\/v2\/types\/page"}],"author":[{"embeddable":true,"href":"https:\/\/www.diakonie-marbach.de\/index.php\/wp-json\/wp\/v2\/users\/1"}],"replies":[{"embeddable":true,"href":"https:\/\/www.diakonie-marbach.de\/index.php\/wp-json\/wp\/v2\/comments?post=1730"}],"version-history":[{"count":5,"href":"https:\/\/www.diakonie-marbach.de\/index.php\/wp-json\/wp\/v2\/pages\/1730\/revisions"}],"predecessor-version":[{"id":1910,"href":"https:\/\/www.diakonie-marbach.de\/index.php\/wp-json\/wp\/v2\/pages\/1730\/revisions\/1910"}],"wp:attachment":[{"href":"https:\/\/www.diakonie-marbach.de\/index.php\/wp-json\/wp\/v2\/media?parent=1730"}],"curies":[{"name":"wp","href":"https:\/\/api.w.org\/{rel}","templated":true}]}}