{"id":1626,"date":"2019-12-18T11:29:14","date_gmt":"2019-12-18T10:29:14","guid":{"rendered":"http:\/\/www.diakonie-marbach.de\/?page_id=1626"},"modified":"2019-12-23T10:12:29","modified_gmt":"2019-12-23T09:12:29","slug":"eroeffnung-neue-dienststelle","status":"publish","type":"page","link":"https:\/\/www.diakonie-marbach.de\/index.php\/eroeffnung-neue-dienststelle\/","title":{"rendered":"Er\u00f6ffnung Neue Dienststelle"},"content":{"rendered":"<h1 style=\"text-align: center;\"><span style=\"color: #0000ff;\"><strong>Freude \u00fcber neue Bezirksstelle<\/strong><\/span><\/h1>\n<h4>Die diakonische Bezirksstelle Marbach hat am Freitag vergangener Woche nach ihrem Umzug im Oktober ihre neuen R\u00e4ume in der Bahnhofstra\u00dfe 10 offiziell eingeweiht. 40 G\u00e4ste konnten sich davon \u00fcberzeugen, dass das neue B\u00fcro nicht nur barrierefrei zug\u00e4nglich, hell und freundlich ist, sondern auch schalldichte T\u00fcren hat. Laut dem Bezirksstellenleiter Rainer Bauer (Dritter von links) war das ein wichtiger Grund f\u00fcr den Umzug: \u201eWir m\u00fcssen unseren Klienten Vertraulichkeit garantieren.\u201c<br \/>\nAuch das Haus selbst gew\u00e4hre dank mehrerer B\u00fcros eine gewisse Anonymit\u00e4t.<br \/>\nAnderthalb Jahre war man auf der Suche gewesen, dann konnte Dekan Ekkehard Graf (Dritter von rechts) binnen weniger Wochen seine Unterschrift unter den Mietvertrag setzen. (sar)<br \/>\n(Marbacher Zeitung vom 17.12.2019) Foto: Werner Kuhnle<\/h4>\n<p><img fetchpriority=\"high\" decoding=\"async\" class=\"alignleft size-full wp-image-1640\" src=\"http:\/\/www.diakonie-marbach.de\/wp-content\/uploads\/dudu.png\" alt=\"\" width=\"1022\" height=\"698\" srcset=\"https:\/\/www.diakonie-marbach.de\/wp-content\/uploads\/dudu.png 1022w, https:\/\/www.diakonie-marbach.de\/wp-content\/uploads\/dudu-300x205.png 300w, https:\/\/www.diakonie-marbach.de\/wp-content\/uploads\/dudu-768x525.png 768w\" sizes=\"(max-width: 1022px) 100vw, 1022px\" \/><\/p>\n","protected":false},"excerpt":{"rendered":"<p>Freude \u00fcber neue Bezirksstelle Die diakonische Bezirksstelle Marbach hat am Freitag vergangener Woche nach ihrem Umzug im Oktober ihre neuen R\u00e4ume in der Bahnhofstra\u00dfe 10 offiziell eingeweiht. 40 G\u00e4ste konnten sich davon \u00fcberzeugen, dass das neue B\u00fcro nicht nur barrierefrei zug\u00e4nglich, hell und freundlich ist, sondern auch schalldichte T\u00fcren hat. Laut dem Bezirksstellenleiter Rainer Bauer (Dritter von links) war das ein wichtiger Grund f\u00fcr den Umzug: \u201eWir m\u00fcssen unseren Klienten Vertraulichkeit garantieren.\u201c Auch das Haus selbst gew\u00e4hre dank mehrerer B\u00fcros eine gewisse Anonymit\u00e4t. Anderthalb Jahre war man auf der Suche gewesen, dann konnte Dekan Ekkehard Graf (Dritter von rechts) binnen weniger Wochen seine Unterschrift unter den Mietvertrag setzen. (sar) (Marbacher Zeitung vom 17.12.2019) Foto: Werner Kuhnle<\/p>\n","protected":false},"author":1,"featured_media":0,"parent":0,"menu_order":0,"comment_status":"closed","ping_status":"closed","template":"","meta":{"ngg_post_thumbnail":0,"footnotes":""},"class_list":["post-1626","page","type-page","status-publish","hentry"],"_links":{"self":[{"href":"https:\/\/www.diakonie-marbach.de\/index.php\/wp-json\/wp\/v2\/pages\/1626","targetHints":{"allow":["GET"]}}],"collection":[{"href":"https:\/\/www.diakonie-marbach.de\/index.php\/wp-json\/wp\/v2\/pages"}],"about":[{"href":"https:\/\/www.diakonie-marbach.de\/index.php\/wp-json\/wp\/v2\/types\/page"}],"author":[{"embeddable":true,"href":"https:\/\/www.diakonie-marbach.de\/index.php\/wp-json\/wp\/v2\/users\/1"}],"replies":[{"embeddable":true,"href":"https:\/\/www.diakonie-marbach.de\/index.php\/wp-json\/wp\/v2\/comments?post=1626"}],"version-history":[{"count":7,"href":"https:\/\/www.diakonie-marbach.de\/index.php\/wp-json\/wp\/v2\/pages\/1626\/revisions"}],"predecessor-version":[{"id":1712,"href":"https:\/\/www.diakonie-marbach.de\/index.php\/wp-json\/wp\/v2\/pages\/1626\/revisions\/1712"}],"wp:attachment":[{"href":"https:\/\/www.diakonie-marbach.de\/index.php\/wp-json\/wp\/v2\/media?parent=1626"}],"curies":[{"name":"wp","href":"https:\/\/api.w.org\/{rel}","templated":true}]}}