{"id":162,"date":"2018-05-25T09:24:59","date_gmt":"2018-05-25T07:24:59","guid":{"rendered":"http:\/\/www.diakonie-marbach.de\/?page_id=162"},"modified":"2019-05-14T17:22:09","modified_gmt":"2019-05-14T15:22:09","slug":"gebrauchtwarenladen-karlshoehe","status":"publish","type":"page","link":"https:\/\/www.diakonie-marbach.de\/index.php\/gebrauchtwarenladen-karlshoehe\/","title":{"rendered":"Gebrauchtwarenladen Karlsh\u00f6he"},"content":{"rendered":"<p>&nbsp;<\/p>\n<p>\u00d6ffnungszeiten:<\/p>\n<p>Montag: Geschlossen<br \/>\nDienstag: 14.00 bis 18.00 Uhr<br \/>\nMittwoch &#8211; Donnerstag: 16.00 bis 18.00 Uhr<br \/>\nFreitag: 13.00 bis 15.00 Uhr<br \/>\nSamstag: 9.00 bis 15.00 Uhr<\/p>\n<div id=\"c8558\" class=\"csc-frame csc-frame-default\">\n<div class=\"csc-header csc-header-n1\">\n<h2 class=\"csc-firstHeader\">Anfahrt &amp; Wegweiser<\/h2>\n<\/div>\n<\/div>\n<div id=\"c8557\" class=\"csc-frame csc-frame-default\">\n<div class=\"cols-2thirds-to-1thirds\">\n<div class=\"col-left col\">\n<div id=\"c714\" class=\"csc-frame csc-frame-default\">\n<p>Zur Abgabe von Spenden\u00a0 und zum Einkauf in unserem Laden kommen Sie\u00a0in die <strong>K\u00f6niginallee 62.<br \/>\n<\/strong>In der K\u00f6niginallee weisen zwei gelbe Schilder auf den Ort der Sachspendenabgabe hin. Der Laden liegt direkt an der Stra\u00dfe.<\/p>\n<\/div>\n<\/div>\n<\/div>\n<\/div>\n","protected":false},"excerpt":{"rendered":"<p>&nbsp; \u00d6ffnungszeiten: Montag: Geschlossen Dienstag: 14.00 bis 18.00 Uhr Mittwoch &#8211; Donnerstag: 16.00 bis 18.00 Uhr Freitag: 13.00 bis 15.00 Uhr Samstag: 9.00 bis 15.00 Uhr Anfahrt &amp; Wegweiser Zur Abgabe von Spenden\u00a0 und zum Einkauf in unserem Laden kommen Sie\u00a0in die K\u00f6niginallee 62. In der K\u00f6niginallee weisen zwei gelbe Schilder auf den Ort der Sachspendenabgabe hin. Der Laden liegt direkt an der Stra\u00dfe.<\/p>\n","protected":false},"author":1,"featured_media":0,"parent":0,"menu_order":0,"comment_status":"closed","ping_status":"closed","template":"","meta":{"ngg_post_thumbnail":0,"footnotes":""},"class_list":["post-162","page","type-page","status-publish","hentry"],"_links":{"self":[{"href":"https:\/\/www.diakonie-marbach.de\/index.php\/wp-json\/wp\/v2\/pages\/162","targetHints":{"allow":["GET"]}}],"collection":[{"href":"https:\/\/www.diakonie-marbach.de\/index.php\/wp-json\/wp\/v2\/pages"}],"about":[{"href":"https:\/\/www.diakonie-marbach.de\/index.php\/wp-json\/wp\/v2\/types\/page"}],"author":[{"embeddable":true,"href":"https:\/\/www.diakonie-marbach.de\/index.php\/wp-json\/wp\/v2\/users\/1"}],"replies":[{"embeddable":true,"href":"https:\/\/www.diakonie-marbach.de\/index.php\/wp-json\/wp\/v2\/comments?post=162"}],"version-history":[{"count":8,"href":"https:\/\/www.diakonie-marbach.de\/index.php\/wp-json\/wp\/v2\/pages\/162\/revisions"}],"predecessor-version":[{"id":1467,"href":"https:\/\/www.diakonie-marbach.de\/index.php\/wp-json\/wp\/v2\/pages\/162\/revisions\/1467"}],"wp:attachment":[{"href":"https:\/\/www.diakonie-marbach.de\/index.php\/wp-json\/wp\/v2\/media?parent=162"}],"curies":[{"name":"wp","href":"https:\/\/api.w.org\/{rel}","templated":true}]}}