{"id":1590,"date":"2019-11-20T15:51:55","date_gmt":"2019-11-20T14:51:55","guid":{"rendered":"http:\/\/www.diakonie-marbach.de\/?page_id=1590"},"modified":"2024-02-21T16:02:57","modified_gmt":"2024-02-21T15:02:57","slug":"diakoniebeauftragte","status":"publish","type":"page","link":"https:\/\/www.diakonie-marbach.de\/index.php\/diakoniebeauftragte\/","title":{"rendered":"Diakoniebeauftragte"},"content":{"rendered":"\t\t<div data-elementor-type=\"wp-page\" data-elementor-id=\"1590\" class=\"elementor elementor-1590\">\n\t\t\t\t\t\t<section class=\"elementor-section elementor-top-section elementor-element elementor-element-1c42d47b elementor-section-boxed elementor-section-height-default elementor-section-height-default\" data-id=\"1c42d47b\" data-element_type=\"section\" data-e-type=\"section\">\n\t\t\t\t\t\t<div class=\"elementor-container elementor-column-gap-default\">\n\t\t\t\t\t<div class=\"elementor-column elementor-col-100 elementor-top-column elementor-element elementor-element-1b1c1159\" data-id=\"1b1c1159\" data-element_type=\"column\" data-e-type=\"column\">\n\t\t\t<div class=\"elementor-widget-wrap elementor-element-populated\">\n\t\t\t\t\t\t<div class=\"elementor-element elementor-element-3b5fd19 elementor-widget elementor-widget-text-editor\" data-id=\"3b5fd19\" data-element_type=\"widget\" data-e-type=\"widget\" data-widget_type=\"text-editor.default\">\n\t\t\t\t<div class=\"elementor-widget-container\">\n\t\t\t\t\t\t\t\t\t<ul>\r\n \t<li><a href=\"http:\/\/www.diakonie-marbach.de\/wp-content\/uploads\/2020-Aufgabenbeschreibung-f\u00fcr-Diakoniebeauftragte.pdf\" target=\"_blank\" rel=\"noopener noreferrer\">Aufgabenbeschreibung Diakoniebeauftragte<\/a><\/li>\r\n<\/ul>\t\t\t\t\t\t\t\t<\/div>\n\t\t\t\t<\/div>\n\t\t\t\t\t<\/div>\n\t\t<\/div>\n\t\t\t\t\t<\/div>\n\t\t<\/section>\n\t\t\t\t<section class=\"elementor-section elementor-top-section elementor-element elementor-element-6f4adfa elementor-section-boxed elementor-section-height-default elementor-section-height-default\" data-id=\"6f4adfa\" data-element_type=\"section\" data-e-type=\"section\">\n\t\t\t\t\t\t<div class=\"elementor-container elementor-column-gap-default\">\n\t\t\t\t\t<div class=\"elementor-column elementor-col-100 elementor-top-column elementor-element elementor-element-aa5b7f1\" data-id=\"aa5b7f1\" data-element_type=\"column\" data-e-type=\"column\">\n\t\t\t<div class=\"elementor-widget-wrap elementor-element-populated\">\n\t\t\t\t\t\t<div class=\"elementor-element elementor-element-93e7995 elementor-widget elementor-widget-text-editor\" data-id=\"93e7995\" data-element_type=\"widget\" data-e-type=\"widget\" data-widget_type=\"text-editor.default\">\n\t\t\t\t<div class=\"elementor-widget-container\">\n\t\t\t\t\t\t\t\t\t<p><span style=\"color: #000000;\">Die Diakoniebeauftragten des Kirchenbezirkes Marbach sind:<\/span><\/p><p><span style=\"color: #000000;\">Abstatt: N.N.<\/span><br \/><span style=\"color: #000000;\">Affalterbach: N.N.<\/span><br \/><span style=\"color: #000000;\">Auenstein: Silke Pfister<\/span><br \/><span style=\"color: #000000;\">Beilstein\/Billensbach: N.N.<\/span><br \/><span style=\"color: #000000;\">Benningen: Gudrun Nunn, (Vertretung: Elfriede Vordermeier)<\/span><br \/><span style=\"color: #000000;\">Erdmannhausen: Marita Schubert<\/span><br \/><span style=\"color: #000000;\">Gro\u00dfbottwar\/Winzerhausen: Margit Zimmermann<\/span><br \/><span style=\"color: #000000;\">Gronau: Anne Gundert<\/span><br \/><span style=\"color: #000000;\">H\u00f6pfigheim: Rainer Halbgewachs<\/span><br \/><span style=\"color: #000000;\">Kirchberg: Franziska Kaiser<\/span><br \/><span style=\"color: #000000;\">Kleinbottwar: Kordula Br\u00e4unig<\/span><br \/><span style=\"color: #000000;\">Marbach: Dieter Koch<\/span><br \/><span style=\"color: #000000;\">Mundelsheim: Wolfgang Herkle (Vertretung: B\u00e4rbel B\u00e4uerle)<\/span><br \/><span style=\"color: #000000;\">Murr: Carola Pfuderer<\/span><br \/><span style=\"color: #000000;\">Oberstenfeld: Wilfried Gr\u00f6ninger<\/span><br \/><span style=\"color: #000000;\">Pleidelsheim: Barbara Failmezger<\/span><br \/><span style=\"color: #000000;\">Prevorst: B\u00e4rbel Stiegler<br \/><\/span><span style=\"color: #000000;\">Rielingshausen: Karin Schweikert<\/span><br \/><span style=\"color: #000000;\">Steinheim: Matthias Maier<br \/><\/span><\/p><p><span style=\"color: #000000;\">Kraft Amtes sind dabei:<\/span><br \/><span style=\"color: #000000;\">Diakoniepfarrer Friedhelm Nachtigal<br \/><\/span><span style=\"color: #000000;\">Diakon Rainer Bauer<\/span><\/p>\t\t\t\t\t\t\t\t<\/div>\n\t\t\t\t<\/div>\n\t\t\t\t\t<\/div>\n\t\t<\/div>\n\t\t\t\t\t<\/div>\n\t\t<\/section>\n\t\t\t\t<\/div>\n\t\t","protected":false},"excerpt":{"rendered":"<p>Aufgabenbeschreibung Diakoniebeauftragte Die Diakoniebeauftragten des Kirchenbezirkes Marbach sind: Abstatt: N.N.Affalterbach: N.N.Auenstein: Silke PfisterBeilstein\/Billensbach: N.N.Benningen: Gudrun Nunn, (Vertretung: Elfriede Vordermeier)Erdmannhausen: Marita SchubertGro\u00dfbottwar\/Winzerhausen: Margit ZimmermannGronau: Anne GundertH\u00f6pfigheim: Rainer HalbgewachsKirchberg: Franziska KaiserKleinbottwar: Kordula Br\u00e4unigMarbach: Dieter KochMundelsheim: Wolfgang Herkle (Vertretung: B\u00e4rbel B\u00e4uerle)Murr: Carola PfudererOberstenfeld: Wilfried Gr\u00f6ningerPleidelsheim: Barbara FailmezgerPrevorst: B\u00e4rbel StieglerRielingshausen: Karin SchweikertSteinheim: Matthias Maier Kraft Amtes sind dabei:Diakoniepfarrer Friedhelm NachtigalDiakon Rainer Bauer<\/p>\n","protected":false},"author":1,"featured_media":0,"parent":0,"menu_order":0,"comment_status":"closed","ping_status":"closed","template":"","meta":{"ngg_post_thumbnail":0,"footnotes":""},"class_list":["post-1590","page","type-page","status-publish","hentry"],"_links":{"self":[{"href":"https:\/\/www.diakonie-marbach.de\/index.php\/wp-json\/wp\/v2\/pages\/1590","targetHints":{"allow":["GET"]}}],"collection":[{"href":"https:\/\/www.diakonie-marbach.de\/index.php\/wp-json\/wp\/v2\/pages"}],"about":[{"href":"https:\/\/www.diakonie-marbach.de\/index.php\/wp-json\/wp\/v2\/types\/page"}],"author":[{"embeddable":true,"href":"https:\/\/www.diakonie-marbach.de\/index.php\/wp-json\/wp\/v2\/users\/1"}],"replies":[{"embeddable":true,"href":"https:\/\/www.diakonie-marbach.de\/index.php\/wp-json\/wp\/v2\/comments?post=1590"}],"version-history":[{"count":29,"href":"https:\/\/www.diakonie-marbach.de\/index.php\/wp-json\/wp\/v2\/pages\/1590\/revisions"}],"predecessor-version":[{"id":4726,"href":"https:\/\/www.diakonie-marbach.de\/index.php\/wp-json\/wp\/v2\/pages\/1590\/revisions\/4726"}],"wp:attachment":[{"href":"https:\/\/www.diakonie-marbach.de\/index.php\/wp-json\/wp\/v2\/media?parent=1590"}],"curies":[{"name":"wp","href":"https:\/\/api.w.org\/{rel}","templated":true}]}}