{"id":1536,"date":"2019-08-20T14:09:38","date_gmt":"2019-08-20T12:09:38","guid":{"rendered":"http:\/\/www.diakonie-marbach.de\/?page_id=1536"},"modified":"2021-01-12T15:12:48","modified_gmt":"2021-01-12T14:12:48","slug":"musterantrag-schulbuchkosten","status":"publish","type":"page","link":"https:\/\/www.diakonie-marbach.de\/index.php\/musterantrag-schulbuchkosten\/","title":{"rendered":"Musterantrag Schulbuchkosten"},"content":{"rendered":"<p>&nbsp;<\/p>\n<p>Das Bundessozialgericht hat in zwei aktuellen Urteilen entschieden, dass ein zus\u00e4tzlicher Anspruch auf \u00dcbernahme von Schulbuchkosten besteht, wenn diese nicht nach landesrechtlichen Bestimmungen \u00fcbernommen werden oder es daf\u00fcr keine Befreiung gibt (BSG v. 08.05.2019 &#8211; <a href=\"https:\/\/dejure.org\/dienste\/vernetzung\/rechtsprechung?Text=B%2014%20AS%206\/18%20R\" title=\"BSG, 08.05.2019 - B 14 AS 6\/18 R: Schulb&uuml;cher vom Jobcenter?\">B 14 AS 6\/18 R<\/a> und <a href=\"https:\/\/dejure.org\/dienste\/vernetzung\/rechtsprechung?Text=B%2014%20AS%2013\/18%20R\" title=\"B 14 AS 13\/18 R (2 zugeordnete Entscheidungen)\">B 14 AS 13\/18 R<\/a>). Dieser \u00dcbernahmeanspruch besteht trotz der \u00c4nderungen beim Bildungs- und Teilhabepaket zum 1. August.<\/p>\n<p>Diese Urteile sind verbindliches Recht und m\u00fcssen von den Jobcentern angewendet werden. Kein Jobcenter hat hier mehr Ermessen.<\/p>\n<p><a href=\"http:\/\/www.diakonie-marbach.de\/wp-content\/uploads\/Antrag-Schulbuchkosten.docx\">Antrag Schulbuchkosten<\/a><\/p>\n<p>Wir unterst\u00fctzen bei der Antragsstellung.<\/p>\n<p>&nbsp;<\/p>\n<p>&nbsp;<\/p>\n<p>&nbsp;<\/p>\n","protected":false},"excerpt":{"rendered":"<p>&nbsp; Das Bundessozialgericht hat in zwei aktuellen Urteilen entschieden, dass ein zus\u00e4tzlicher Anspruch auf \u00dcbernahme von Schulbuchkosten besteht, wenn diese nicht nach landesrechtlichen Bestimmungen \u00fcbernommen werden oder es daf\u00fcr keine Befreiung gibt (BSG v. 08.05.2019 &#8211; B 14 AS 6\/18 R und B 14 AS 13\/18 R). Dieser \u00dcbernahmeanspruch besteht trotz der \u00c4nderungen beim Bildungs- und Teilhabepaket zum 1. August. Diese Urteile sind verbindliches Recht und m\u00fcssen von den Jobcentern angewendet werden. Kein Jobcenter hat hier mehr Ermessen. Antrag Schulbuchkosten Wir unterst\u00fctzen bei der Antragsstellung. &nbsp; &nbsp; &nbsp;<\/p>\n","protected":false},"author":1,"featured_media":0,"parent":0,"menu_order":0,"comment_status":"closed","ping_status":"closed","template":"","meta":{"ngg_post_thumbnail":0,"footnotes":""},"class_list":["post-1536","page","type-page","status-publish","hentry"],"_links":{"self":[{"href":"https:\/\/www.diakonie-marbach.de\/index.php\/wp-json\/wp\/v2\/pages\/1536","targetHints":{"allow":["GET"]}}],"collection":[{"href":"https:\/\/www.diakonie-marbach.de\/index.php\/wp-json\/wp\/v2\/pages"}],"about":[{"href":"https:\/\/www.diakonie-marbach.de\/index.php\/wp-json\/wp\/v2\/types\/page"}],"author":[{"embeddable":true,"href":"https:\/\/www.diakonie-marbach.de\/index.php\/wp-json\/wp\/v2\/users\/1"}],"replies":[{"embeddable":true,"href":"https:\/\/www.diakonie-marbach.de\/index.php\/wp-json\/wp\/v2\/comments?post=1536"}],"version-history":[{"count":10,"href":"https:\/\/www.diakonie-marbach.de\/index.php\/wp-json\/wp\/v2\/pages\/1536\/revisions"}],"predecessor-version":[{"id":1543,"href":"https:\/\/www.diakonie-marbach.de\/index.php\/wp-json\/wp\/v2\/pages\/1536\/revisions\/1543"}],"wp:attachment":[{"href":"https:\/\/www.diakonie-marbach.de\/index.php\/wp-json\/wp\/v2\/media?parent=1536"}],"curies":[{"name":"wp","href":"https:\/\/api.w.org\/{rel}","templated":true}]}}