{"id":1339,"date":"2019-02-08T08:16:05","date_gmt":"2019-02-08T07:16:05","guid":{"rendered":"http:\/\/www.diakonie-marbach.de\/?page_id=1339"},"modified":"2025-11-11T17:29:02","modified_gmt":"2025-11-11T16:29:02","slug":"schuldnerbegleiter","status":"publish","type":"page","link":"https:\/\/www.diakonie-marbach.de\/index.php\/schuldnerbegleiter\/","title":{"rendered":"Schuldnerbegleiter und Schuldnerberatung"},"content":{"rendered":"\t\t<div data-elementor-type=\"wp-page\" data-elementor-id=\"1339\" class=\"elementor elementor-1339\">\n\t\t\t\t\t\t<section class=\"elementor-section elementor-top-section elementor-element elementor-element-459c43c4 elementor-section-boxed elementor-section-height-default elementor-section-height-default\" data-id=\"459c43c4\" data-element_type=\"section\" data-e-type=\"section\">\n\t\t\t\t\t\t<div class=\"elementor-container elementor-column-gap-default\">\n\t\t\t\t\t<div class=\"elementor-column elementor-col-100 elementor-top-column elementor-element elementor-element-e495704\" data-id=\"e495704\" data-element_type=\"column\" data-e-type=\"column\">\n\t\t\t<div class=\"elementor-widget-wrap elementor-element-populated\">\n\t\t\t\t\t\t<div class=\"elementor-element elementor-element-bd37dd0 elementor-widget elementor-widget-image\" data-id=\"bd37dd0\" data-element_type=\"widget\" data-e-type=\"widget\" data-widget_type=\"image.default\">\n\t\t\t\t<div class=\"elementor-widget-container\">\n\t\t\t\t\t\t\t\t\t\t\t\t\t\t\t<img fetchpriority=\"high\" decoding=\"async\" width=\"300\" height=\"229\" src=\"https:\/\/www.diakonie-marbach.de\/wp-content\/uploads\/brieftasche-c-clamp-ersparnisse-46242-300x229.jpg\" class=\"attachment-medium size-medium wp-image-5550\" alt=\"\" srcset=\"https:\/\/www.diakonie-marbach.de\/wp-content\/uploads\/brieftasche-c-clamp-ersparnisse-46242-300x229.jpg 300w, https:\/\/www.diakonie-marbach.de\/wp-content\/uploads\/brieftasche-c-clamp-ersparnisse-46242-1024x781.jpg 1024w, https:\/\/www.diakonie-marbach.de\/wp-content\/uploads\/brieftasche-c-clamp-ersparnisse-46242-768x586.jpg 768w, https:\/\/www.diakonie-marbach.de\/wp-content\/uploads\/brieftasche-c-clamp-ersparnisse-46242-1536x1172.jpg 1536w, https:\/\/www.diakonie-marbach.de\/wp-content\/uploads\/brieftasche-c-clamp-ersparnisse-46242-2048x1563.jpg 2048w, https:\/\/www.diakonie-marbach.de\/wp-content\/uploads\/brieftasche-c-clamp-ersparnisse-46242-1140x870.jpg 1140w, https:\/\/www.diakonie-marbach.de\/wp-content\/uploads\/brieftasche-c-clamp-ersparnisse-46242-scaled-e1762878282593.jpg 1560w\" sizes=\"(max-width: 300px) 100vw, 300px\" \/>\t\t\t\t\t\t\t\t\t\t\t\t\t\t\t<\/div>\n\t\t\t\t<\/div>\n\t\t\t\t<div class=\"elementor-element elementor-element-3eb37b5c elementor-widget elementor-widget-text-editor\" data-id=\"3eb37b5c\" data-element_type=\"widget\" data-e-type=\"widget\" data-widget_type=\"text-editor.default\">\n\t\t\t\t<div class=\"elementor-widget-container\">\n\t\t\t\t\t\t\t\t\t\n<p><span style=\"color: #000000;\">Unser Angebot: ehrenamtliche Schuldnerbegleiter, die Ihnen bei finanziellen Problemen zur Seite stehen.<\/span><br \/><span style=\"color: #000000;\">Die Schuldnerbegleitung soll Betroffene wieder in die Lage versetzen, die \u00dcberschuldungssituation zu erkennen und zu \u00fcberwinden. Es wird dadurch die M\u00f6glichkeit er\u00f6ffnet, wieder uneingeschr\u00e4nkt am wirtschaftlichen und sozialen Leben teilzunehmen.<\/span><\/p>\n<p><span style=\"color: #000000;\"><\/span><\/p>\n<p><span style=\"color: #000000;\">Sie soll praktische Lebenshilfe aus der Gesellschaft sein, um \u00dcberschuldung zu vermeiden und aus ihr herauszukommen.<\/span><\/p>\n<p><strong><span style=\"color: #33cccc;\">In Kooperation mit der Schuldnerberatung des Landratsamtes Ludwigsburg bekommen Sie Ihre finanzielle Situation in den Griff!<\/span><\/strong><\/p>\n<p><span style=\"color: #000000;\"><strong>Kontakt und Terminvergabe: 07144-97375 oder info@diakonie-marbach.de<\/strong><\/span><\/p>\n\t\t\t\t\t\t\t\t<\/div>\n\t\t\t\t<\/div>\n\t\t\t\t\t<\/div>\n\t\t<\/div>\n\t\t\t\t\t<\/div>\n\t\t<\/section>\n\t\t\t\t<\/div>\n\t\t","protected":false},"excerpt":{"rendered":"<p>Unser Angebot: ehrenamtliche Schuldnerbegleiter, die Ihnen bei finanziellen Problemen zur Seite stehen.Die Schuldnerbegleitung soll Betroffene wieder in die Lage versetzen, die \u00dcberschuldungssituation zu erkennen und zu \u00fcberwinden. Es wird dadurch die M\u00f6glichkeit er\u00f6ffnet, wieder uneingeschr\u00e4nkt am wirtschaftlichen und sozialen Leben teilzunehmen. Sie soll praktische Lebenshilfe aus der Gesellschaft sein, um \u00dcberschuldung zu vermeiden und aus ihr herauszukommen. In Kooperation mit der Schuldnerberatung des Landratsamtes Ludwigsburg bekommen Sie Ihre finanzielle Situation in den Griff! Kontakt und Terminvergabe: 07144-97375 oder info@diakonie-marbach.de<\/p>\n","protected":false},"author":1,"featured_media":0,"parent":0,"menu_order":0,"comment_status":"closed","ping_status":"closed","template":"","meta":{"ngg_post_thumbnail":0,"footnotes":""},"class_list":["post-1339","page","type-page","status-publish","hentry"],"_links":{"self":[{"href":"https:\/\/www.diakonie-marbach.de\/index.php\/wp-json\/wp\/v2\/pages\/1339","targetHints":{"allow":["GET"]}}],"collection":[{"href":"https:\/\/www.diakonie-marbach.de\/index.php\/wp-json\/wp\/v2\/pages"}],"about":[{"href":"https:\/\/www.diakonie-marbach.de\/index.php\/wp-json\/wp\/v2\/types\/page"}],"author":[{"embeddable":true,"href":"https:\/\/www.diakonie-marbach.de\/index.php\/wp-json\/wp\/v2\/users\/1"}],"replies":[{"embeddable":true,"href":"https:\/\/www.diakonie-marbach.de\/index.php\/wp-json\/wp\/v2\/comments?post=1339"}],"version-history":[{"count":53,"href":"https:\/\/www.diakonie-marbach.de\/index.php\/wp-json\/wp\/v2\/pages\/1339\/revisions"}],"predecessor-version":[{"id":5555,"href":"https:\/\/www.diakonie-marbach.de\/index.php\/wp-json\/wp\/v2\/pages\/1339\/revisions\/5555"}],"wp:attachment":[{"href":"https:\/\/www.diakonie-marbach.de\/index.php\/wp-json\/wp\/v2\/media?parent=1339"}],"curies":[{"name":"wp","href":"https:\/\/api.w.org\/{rel}","templated":true}]}}