{"id":124,"date":"2018-05-24T12:17:23","date_gmt":"2018-05-24T10:17:23","guid":{"rendered":"http:\/\/www.diakonie-marbach.de\/?page_id=124"},"modified":"2025-12-15T13:40:13","modified_gmt":"2025-12-15T12:40:13","slug":"spenden","status":"publish","type":"page","link":"https:\/\/www.diakonie-marbach.de\/index.php\/spenden\/","title":{"rendered":"Spenden"},"content":{"rendered":"\t\t<div data-elementor-type=\"wp-page\" data-elementor-id=\"124\" class=\"elementor elementor-124\">\n\t\t\t\t\t\t<section class=\"elementor-section elementor-top-section elementor-element elementor-element-2cd9bfe9 elementor-section-boxed elementor-section-height-default elementor-section-height-default\" data-id=\"2cd9bfe9\" data-element_type=\"section\" data-e-type=\"section\">\n\t\t\t\t\t\t<div class=\"elementor-container elementor-column-gap-default\">\n\t\t\t\t\t<div class=\"elementor-column elementor-col-100 elementor-top-column elementor-element elementor-element-3901df2d\" data-id=\"3901df2d\" data-element_type=\"column\" data-e-type=\"column\">\n\t\t\t<div class=\"elementor-widget-wrap elementor-element-populated\">\n\t\t\t\t\t\t<div class=\"elementor-element elementor-element-4fa7b6c8 elementor-widget elementor-widget-text-editor\" data-id=\"4fa7b6c8\" data-element_type=\"widget\" data-e-type=\"widget\" data-widget_type=\"text-editor.default\">\n\t\t\t\t<div class=\"elementor-widget-container\">\n\t\t\t\t\t\t\t\t\t<p><img decoding=\"async\" class=\"alignleft size-thumbnail wp-image-1073\" src=\"http:\/\/www.diakonie-marbach.de\/wp-content\/uploads\/Geld-150x150.jpg\" alt=\"\" width=\"150\" height=\"150\" srcset=\"https:\/\/www.diakonie-marbach.de\/wp-content\/uploads\/Geld-150x150.jpg 150w, https:\/\/www.diakonie-marbach.de\/wp-content\/uploads\/Geld-100x100.jpg 100w\" sizes=\"(max-width: 150px) 100vw, 150px\" \/><\/p><p>Wir freuen uns, wenn Sie unsere Arbeit auch finanziell unterst\u00fctzen.<br \/>Diese Gaben, <strong>&#8222;Menschen spenden f\u00fcr Menschen&#8220;<\/strong>, verwenden wir ausschlie\u00dflich f\u00fcr den <strong>Notfond<\/strong> zugunsten unserer Klienten.<br \/>Ab dem Betrag von 300.-\u20ac erhalten Sie von uns eine Spendenbescheinigung.<br \/>(Unter 300.-\u20ac akzeptiert das Finanzamt Ihren Kontoauszug als Beleg)<\/p><p>\u00a0<\/p><p>Ev. Kirchenbezirk Marbach<br \/>IBAN: DE36 6045 0050 0003 017 942<br \/>SWIFT-BIC: SOLADES1LBG<br \/>Kreissparkasse Ludwigsburg<\/p>\t\t\t\t\t\t\t\t<\/div>\n\t\t\t\t<\/div>\n\t\t\t\t\t<\/div>\n\t\t<\/div>\n\t\t\t\t\t<\/div>\n\t\t<\/section>\n\t\t\t\t<section class=\"elementor-section elementor-top-section elementor-element elementor-element-63afcda elementor-section-boxed elementor-section-height-default elementor-section-height-default\" data-id=\"63afcda\" data-element_type=\"section\" data-e-type=\"section\">\n\t\t\t\t\t\t<div class=\"elementor-container elementor-column-gap-default\">\n\t\t\t\t\t<div class=\"elementor-column elementor-col-100 elementor-top-column elementor-element elementor-element-06f09e4\" data-id=\"06f09e4\" data-element_type=\"column\" data-e-type=\"column\">\n\t\t\t<div class=\"elementor-widget-wrap elementor-element-populated\">\n\t\t\t\t\t\t<div class=\"elementor-element elementor-element-d2326e4 elementor-widget elementor-widget-heading\" data-id=\"d2326e4\" data-element_type=\"widget\" data-e-type=\"widget\" data-widget_type=\"heading.default\">\n\t\t\t\t<div class=\"elementor-widget-container\">\n\t\t\t\t\t<h2 class=\"elementor-heading-title elementor-size-large\">Spenden und Schenken<\/h2>\t\t\t\t<\/div>\n\t\t\t\t<\/div>\n\t\t\t\t<div class=\"elementor-element elementor-element-d8c63e9 elementor-widget elementor-widget-text-editor\" data-id=\"d8c63e9\" data-element_type=\"widget\" data-e-type=\"widget\" data-widget_type=\"text-editor.default\">\n\t\t\t\t<div class=\"elementor-widget-container\">\n\t\t\t\t\t\t\t\t\t<p><img decoding=\"async\" class=\"alignleft size-thumbnail wp-image-1007\" src=\"http:\/\/www.diakonie-marbach.de\/wp-content\/uploads\/Geschenk-150x150.jpg\" sizes=\"(max-width: 150px) 100vw, 150px\" srcset=\"https:\/\/www.diakonie-marbach.de\/wp-content\/uploads\/Geschenk-150x150.jpg 150w, https:\/\/www.diakonie-marbach.de\/wp-content\/uploads\/Geschenk-100x100.jpg 100w\" alt=\"\" width=\"150\" height=\"150\" \/><\/p><p>Kennen Sie das?<\/p><p>Sie feiern Ihren Geburtstag, Ihren Hochzeitstag oder ein Jubil\u00e4um und Ihre G\u00e4ste m\u00f6chten Ihnen etwas schenken.<\/p><p>Aber Sie haben eigentlich schon alles, was Sie brauchen.<\/p><p>Wie w\u00e4re es, in dieser Situation etwas Gutes zu tun? Wenn Sie Ihre G\u00e4ste, statt um Geschenke, um Spenden f\u00fcr die Diakonische Bezirksstelle Marbach bitten,\u00a0 unterst\u00fctzen Sie damit Menschen, die es ben\u00f6tigen und das Geld erreicht die N\u00e4chste, den N\u00e4chsten.<\/p><p><span style=\"color: #000000;\">So schrieb der in <a style=\"color: #000000;\" title=\"Aleppo\" href=\"https:\/\/de.wikipedia.org\/wiki\/Aleppo\">Aleppo<\/a> lebende Rabbiner Samuel Laniado nach 1550 zu dem Gebot der N\u00e4chstenliebe im Alten Testament:<\/span><br \/><span style=\"color: #0000ff;\">\u201eErstens, wenn die Seelen so sind, wie sie sein sollten, so sind sie alle ein Teil Gottes. Und da die <a style=\"color: #0000ff;\" title=\"Seele\" href=\"https:\/\/de.wikipedia.org\/wiki\/Seele\">Seele<\/a> eines Menschen und die Seele seines N\u00e4chsten beide auf dem gleichen Thron der Pracht geschnitzt wurden, darum ist das Gebot \u201a &#8222;du sollst deinen N\u00e4chsten lieben wie dich selbst&#8220; w\u00f6rtlich zu verstehen, denn der N\u00e4chste ist wie du. Und zweitens, wenn deine Liebe zu deinem N\u00e4chsten der Liebe zu dir selbst gleich ist, so erachte ich das als Liebe zu Mir, denn ich bin JHWH.\u201c<\/span><\/p><div class=\"Vorlage_Zitat\"><div class=\"cite\">Wir unterst\u00fctzen von Armut betroffene Menschen, bieten Sozialberatung, Ehe-Familien und Lebensberatung, Mutter-Kind-Kur-Beratung und eine Suchtberatung an. Mit vielen weiteren Stellen im Landkreis Ludwigsburg arbeiten wir eng zusammen.<\/div><\/div><p>Sowohl Sie, als auch Ihre G\u00e4ste, k\u00f6nnen also leicht nachvollziehen, was mit dem Spendengeld geschieht.<\/p><p><span style=\"color: #000000;\">Geeignete Anl\u00e4sse f\u00fcr solche Spenden-Sammel-Aktionen sind zum Beispiel Geburtstage, Hochzeitstage, Jubil\u00e4en, Firmenfeiern, Einweihungsfeiern, aber auch Trauerfeiern.<\/span><\/p><p><span style=\"color: #000000;\">Haben Sie noch Fragen zum Thema \u201eSpenden und Schenken\u201c? Dann wenden Sie sich bitte gern an die Diakonische Bezirksstelle Marbach.<\/span><\/p><p><span style=\"color: #000000;\">Tel: 97375<\/span><\/p>\t\t\t\t\t\t\t\t<\/div>\n\t\t\t\t<\/div>\n\t\t\t\t\t<\/div>\n\t\t<\/div>\n\t\t\t\t\t<\/div>\n\t\t<\/section>\n\t\t\t\t<\/div>\n\t\t","protected":false},"excerpt":{"rendered":"<p>Wir freuen uns, wenn Sie unsere Arbeit auch finanziell unterst\u00fctzen.Diese Gaben, &#8222;Menschen spenden f\u00fcr Menschen&#8220;, verwenden wir ausschlie\u00dflich f\u00fcr den Notfond zugunsten unserer Klienten.Ab dem Betrag von 300.-\u20ac erhalten Sie von uns eine Spendenbescheinigung.(Unter 300.-\u20ac akzeptiert das Finanzamt Ihren Kontoauszug als Beleg) \u00a0 Ev. Kirchenbezirk MarbachIBAN: DE36 6045 0050 0003 017 942SWIFT-BIC: SOLADES1LBGKreissparkasse Ludwigsburg Spenden und Schenken Kennen Sie das? Sie feiern Ihren Geburtstag, Ihren Hochzeitstag oder ein Jubil\u00e4um und Ihre G\u00e4ste m\u00f6chten Ihnen etwas schenken. Aber Sie haben eigentlich schon alles, was Sie brauchen. Wie w\u00e4re es, in dieser Situation etwas Gutes zu tun? Wenn Sie Ihre G\u00e4ste, statt um Geschenke, um Spenden f\u00fcr die Diakonische Bezirksstelle Marbach bitten,\u00a0 unterst\u00fctzen Sie damit Menschen, die es ben\u00f6tigen und das Geld erreicht die N\u00e4chste, den N\u00e4chsten. So schrieb der in Aleppo lebende Rabbiner Samuel Laniado nach 1550 zu dem Gebot der N\u00e4chstenliebe im Alten Testament:\u201eErstens, wenn die Seelen so sind, wie sie sein sollten, so sind sie alle ein Teil Gottes. Und da die Seele eines Menschen und die Seele seines N\u00e4chsten beide auf dem gleichen Thron der Pracht geschnitzt wurden, darum ist das Gebot \u201a &#8222;du sollst deinen N\u00e4chsten lieben wie dich selbst&#8220; w\u00f6rtlich zu verstehen, denn der N\u00e4chste ist wie du. Und zweitens, wenn deine Liebe zu deinem N\u00e4chsten der Liebe zu dir selbst gleich ist, so erachte ich das als Liebe zu Mir, denn ich bin JHWH.\u201c Wir unterst\u00fctzen von Armut betroffene Menschen, bieten Sozialberatung, Ehe-Familien und Lebensberatung, Mutter-Kind-Kur-Beratung und eine Suchtberatung an. Mit vielen weiteren Stellen im Landkreis Ludwigsburg arbeiten wir eng zusammen. Sowohl Sie, als auch Ihre G\u00e4ste, k\u00f6nnen also leicht nachvollziehen, was mit dem Spendengeld geschieht. Geeignete Anl\u00e4sse f\u00fcr solche Spenden-Sammel-Aktionen sind zum Beispiel Geburtstage, Hochzeitstage, Jubil\u00e4en, Firmenfeiern, Einweihungsfeiern, aber auch Trauerfeiern. Haben Sie noch Fragen zum Thema \u201eSpenden und Schenken\u201c? Dann wenden Sie sich bitte gern an die Diakonische Bezirksstelle Marbach. Tel: 97375<\/p>\n","protected":false},"author":1,"featured_media":0,"parent":0,"menu_order":0,"comment_status":"closed","ping_status":"closed","template":"","meta":{"ngg_post_thumbnail":0,"footnotes":""},"class_list":["post-124","page","type-page","status-publish","hentry"],"_links":{"self":[{"href":"https:\/\/www.diakonie-marbach.de\/index.php\/wp-json\/wp\/v2\/pages\/124","targetHints":{"allow":["GET"]}}],"collection":[{"href":"https:\/\/www.diakonie-marbach.de\/index.php\/wp-json\/wp\/v2\/pages"}],"about":[{"href":"https:\/\/www.diakonie-marbach.de\/index.php\/wp-json\/wp\/v2\/types\/page"}],"author":[{"embeddable":true,"href":"https:\/\/www.diakonie-marbach.de\/index.php\/wp-json\/wp\/v2\/users\/1"}],"replies":[{"embeddable":true,"href":"https:\/\/www.diakonie-marbach.de\/index.php\/wp-json\/wp\/v2\/comments?post=124"}],"version-history":[{"count":57,"href":"https:\/\/www.diakonie-marbach.de\/index.php\/wp-json\/wp\/v2\/pages\/124\/revisions"}],"predecessor-version":[{"id":5596,"href":"https:\/\/www.diakonie-marbach.de\/index.php\/wp-json\/wp\/v2\/pages\/124\/revisions\/5596"}],"wp:attachment":[{"href":"https:\/\/www.diakonie-marbach.de\/index.php\/wp-json\/wp\/v2\/media?parent=124"}],"curies":[{"name":"wp","href":"https:\/\/api.w.org\/{rel}","templated":true}]}}