{"id":1140,"date":"2018-10-05T12:28:29","date_gmt":"2018-10-05T10:28:29","guid":{"rendered":"http:\/\/www.diakonie-marbach.de\/?page_id=1140"},"modified":"2025-04-08T16:18:39","modified_gmt":"2025-04-08T14:18:39","slug":"kontaktstueble","status":"publish","type":"page","link":"https:\/\/www.diakonie-marbach.de\/index.php\/kontaktstueble\/","title":{"rendered":"Kontaktst\u00fcble"},"content":{"rendered":"\t\t<div data-elementor-type=\"wp-page\" data-elementor-id=\"1140\" class=\"elementor elementor-1140\">\n\t\t\t\t\t\t<section class=\"elementor-section elementor-top-section elementor-element elementor-element-54567532 elementor-section-boxed elementor-section-height-default elementor-section-height-default\" data-id=\"54567532\" data-element_type=\"section\" data-e-type=\"section\">\n\t\t\t\t\t\t<div class=\"elementor-container elementor-column-gap-default\">\n\t\t\t\t\t<div class=\"elementor-column elementor-col-100 elementor-top-column elementor-element elementor-element-63ca6a31\" data-id=\"63ca6a31\" data-element_type=\"column\" data-e-type=\"column\">\n\t\t\t<div class=\"elementor-widget-wrap elementor-element-populated\">\n\t\t\t\t\t\t<div class=\"elementor-element elementor-element-53fd94e1 elementor-widget elementor-widget-text-editor\" data-id=\"53fd94e1\" data-element_type=\"widget\" data-e-type=\"widget\" data-widget_type=\"text-editor.default\">\n\t\t\t\t<div class=\"elementor-widget-container\">\n\t\t\t\t\t\t\t\t\t<p>Das Kontaktst\u00fcble bietet f\u00fcr Menschen mit seelischen Problemen die M\u00f6glichkeit, mit anderen Betroffenen in Kontakt zu kommen.<\/p><p>Jeden Dienstag von 10 Uhr bis 13 Uhr im DRK Geb\u00e4ude, Am Leiselstein 5 in<br \/>71672 Marbach a.N.<\/p><p>Tr\u00e4ger:<br \/>Evangelischer Kirchenbezirk Marbach<\/p><h3><span style=\"color: #ff0000;\">Das Landratsamt Ludwigsburg muss sparen und hat die Zusammenarbeit mit der Diakonischen Bezirksstelle und damit die niederschwelligen Angebote f\u00fcr psychische erkrankte Menschen im Landkreis beendet.<br \/>Hier entsprechende Presseartikel:<\/span><\/h3><p><a href=\"https:\/\/www.diakonie-marbach.de\/wp-content\/uploads\/Kontaktstueble-in-Marbach_-Grosses-Entsetzen_-Landkreis-will-bei-Treffpunkt-fuer-seelisch-Kranke-sparen-Landkreis-Ludwigsburg.pdf\">Kontaktst\u00fcble in Marbach_ Gro\u00dfes Entsetzen_ Landkreis will bei Treffpunkt f\u00fcr seelisch Kranke sparen &#8211; Landkreis Ludwigsburg<\/a><\/p><p><a href=\"https:\/\/www.diakonie-marbach.de\/wp-content\/uploads\/Kreis-Ludwigsburg-streicht-Angebote-fuer-psychisch-kranke-Menschen-SWR-Aktuell_compressed.pdf\">Kreis Ludwigsburg streicht Angebote f\u00fcr psychisch kranke Menschen &#8211; SWR Aktuell_compressed<\/a><\/p><p>\u00a0<\/p><p>\u00a0<\/p>\t\t\t\t\t\t\t\t<\/div>\n\t\t\t\t<\/div>\n\t\t\t\t<div class=\"elementor-element elementor-element-b8dda8a elementor-widget elementor-widget-pdf_viewer\" data-id=\"b8dda8a\" data-element_type=\"widget\" data-e-type=\"widget\" data-widget_type=\"pdf_viewer.default\">\n\t\t\t\t<div class=\"elementor-widget-container\">\n\t\t\t\t\t<iframe src=\"https:\/\/docs.google.com\/viewer?url=https:\/\/www.diakonie-marbach.de\/wp-content\/uploads\/Kontaktstueble-Lkz-8.4.25.pdf&amp;embedded=true\" style=\"display: block; margin-left: auto; margin-right: auto; width: 640px; height: 1020px;\" frameborder=\"1\" marginheight=\"0px\" marginwidth=\"0px\" allowfullscreen><\/iframe>\t\t\t\t<\/div>\n\t\t\t\t<\/div>\n\t\t\t\t\t<\/div>\n\t\t<\/div>\n\t\t\t\t\t<\/div>\n\t\t<\/section>\n\t\t\t\t<\/div>\n\t\t","protected":false},"excerpt":{"rendered":"<p>Das Kontaktst\u00fcble bietet f\u00fcr Menschen mit seelischen Problemen die M\u00f6glichkeit, mit anderen Betroffenen in Kontakt zu kommen. Jeden Dienstag von 10 Uhr bis 13 Uhr im DRK Geb\u00e4ude, Am Leiselstein 5 in71672 Marbach a.N. Tr\u00e4ger:Evangelischer Kirchenbezirk Marbach Das Landratsamt Ludwigsburg muss sparen und hat die Zusammenarbeit mit der Diakonischen Bezirksstelle und damit die niederschwelligen Angebote f\u00fcr psychische erkrankte Menschen im Landkreis beendet.Hier entsprechende Presseartikel: Kontaktst\u00fcble in Marbach_ Gro\u00dfes Entsetzen_ Landkreis will bei Treffpunkt f\u00fcr seelisch Kranke sparen &#8211; Landkreis Ludwigsburg Kreis Ludwigsburg streicht Angebote f\u00fcr psychisch kranke Menschen &#8211; SWR Aktuell_compressed \u00a0 \u00a0<\/p>\n","protected":false},"author":1,"featured_media":0,"parent":0,"menu_order":0,"comment_status":"closed","ping_status":"closed","template":"","meta":{"ngg_post_thumbnail":0,"footnotes":""},"class_list":["post-1140","page","type-page","status-publish","hentry"],"_links":{"self":[{"href":"https:\/\/www.diakonie-marbach.de\/index.php\/wp-json\/wp\/v2\/pages\/1140","targetHints":{"allow":["GET"]}}],"collection":[{"href":"https:\/\/www.diakonie-marbach.de\/index.php\/wp-json\/wp\/v2\/pages"}],"about":[{"href":"https:\/\/www.diakonie-marbach.de\/index.php\/wp-json\/wp\/v2\/types\/page"}],"author":[{"embeddable":true,"href":"https:\/\/www.diakonie-marbach.de\/index.php\/wp-json\/wp\/v2\/users\/1"}],"replies":[{"embeddable":true,"href":"https:\/\/www.diakonie-marbach.de\/index.php\/wp-json\/wp\/v2\/comments?post=1140"}],"version-history":[{"count":17,"href":"https:\/\/www.diakonie-marbach.de\/index.php\/wp-json\/wp\/v2\/pages\/1140\/revisions"}],"predecessor-version":[{"id":5245,"href":"https:\/\/www.diakonie-marbach.de\/index.php\/wp-json\/wp\/v2\/pages\/1140\/revisions\/5245"}],"wp:attachment":[{"href":"https:\/\/www.diakonie-marbach.de\/index.php\/wp-json\/wp\/v2\/media?parent=1140"}],"curies":[{"name":"wp","href":"https:\/\/api.w.org\/{rel}","templated":true}]}}