{"id":113,"date":"2018-05-24T12:14:35","date_gmt":"2018-05-24T10:14:35","guid":{"rendered":"http:\/\/www.diakonie-marbach.de\/?page_id=113"},"modified":"2019-12-23T10:22:32","modified_gmt":"2019-12-23T09:22:32","slug":"impressum","status":"publish","type":"page","link":"https:\/\/www.diakonie-marbach.de\/index.php\/impressum\/","title":{"rendered":"Impressum"},"content":{"rendered":"<p><strong><u>Impressum<\/u><\/strong><\/p>\n<p><strong>Verantwortlich f\u00fcr den Inhalt dieser Webseiten i.S.d. \u00a7<a href=\"https:\/\/dejure.org\/gesetze\/TMG\/5.html\" title=\"&sect; 5 TMG: Allgemeine Informationspflichten\">5 Abs. 1<\/a> des Telemediengesetzes (TMG):<\/strong><\/p>\n<p>Evangelischer Kirchenbezirk Marbach a.N.\/<\/p>\n<p>Diakonische Bezirksstelle Marbach, Bahnhofstr. 10,<br \/>\n71672 Marbach a.N.<\/p>\n<p>Telefon: 07144-97375<\/p>\n<p><strong>Verantwortlicher f\u00fcr den Inhalt dieser Website i.S. d. \u00a7 55 RStV:<\/strong><\/p>\n<p>Rainer Bauer, Gesch\u00e4ftsf\u00fchrer<\/p>\n<p>Telefon: 07144-97375<\/p>\n<p>Fax: 07144-17605<\/p>\n<p>Mail: <a href=\"mailto:r.bauer@diakonie-marbach.de\">r.bauer@diakonie-marbach.de<\/a><\/p>\n<p>Die Diakonische Bezirksstelle Marbach ist als K\u00f6rperschaft des \u00f6ffentlichen Rechts kein Unternehmen im Sinne des Verbraucherstreitbeilegungsgesetzes (VSBG). Daher ist die Beratungsstelle nicht bereit an Streitbeilegungsverfahren vor einer Verbraucherschlichtungsstelle teilzunehmen.<\/p>\n<p>Haftungsausschluss<br \/>\n1. Inhalt des Onlineangebotes<br \/>\nUnsere Inhalte sind sorgf\u00e4ltig recherchiert und erstellt. Dennoch k\u00f6nnen wir keinerlei Gew\u00e4hr f\u00fcr die Aktualit\u00e4t, Korrektheit oder Vollst\u00e4ndigkeit der bereitgestellten Informationen \u00fcbernehmen. Haftungsanspr\u00fcche gegen die oben aufgef\u00fchrte Einrichtung, welche sich auf Sch\u00e4den materieller oder ideeller Art beziehen, die durch die Nutzung oder Nichtnutzung der dargebotenen Informationen bzw. durch die Nutzung fehlerhafter und unvollst\u00e4ndiger Informationen verursacht wurden sind grunds\u00e4tzlich ausgeschlossen, sofern seitens der Einrichtung kein nachweislich vors\u00e4tzliches oder grob fahrl\u00e4ssiges Verschulden vorliegt. Alle Angebote sind freibleibend und unverbindlich. Die Einrichtung beh\u00e4lt es sich ausdr\u00fccklich vor, Teile der Seiten oder das gesamte Angebot ohne gesonderte Ank\u00fcndigung zu ver\u00e4ndern, zu erg\u00e4nzen, zu l\u00f6schen oder die Ver\u00f6ffentlichung zeitweise oder endg\u00fcltig einzustellen.<\/p>\n<p>2. Verweise und Links<br \/>\nDie oben Einrichtung ist nur f\u00fcr die &#8222;eigenen Inhalte&#8220;, also f\u00fcr diesen Internetauftritt, nach den allgemeinen Gesetzen verantwortlich.<br \/>\nVon diesen eigenen Inhalten sind Verweise (&#8222;Links&#8220;) zu anderen Webauftritten zu unterscheiden. Durch diese Links halten wir &#8222;fremde Inhalte&#8220; zur Nutzung bereit. Zum Zeitpunkt der Verlinkung haben wir den &#8222;fremden Inhalt&#8220; der verlinkten Seiten daraufhin \u00fcberpr\u00fcft, dass durch ihn keine m\u00f6gliche zivilrechtliche oder strafrechtliche Verantwortlichkeit ausgel\u00f6st wird.<br \/>\nWir k\u00f6nnen jedoch nicht st\u00e4ndig die Links auf unseren Seiten auf Ver\u00e4nderungen, die eine Verantwortlichkeit neu begr\u00fcnden k\u00f6nnten, kontrollieren. Wenn Sie den Eindruck haben, dass ein Link in unserem Webauftritt zu fremden Internetseiten mit rechtswidrigem oder strafrechtlichem Inhalt f\u00fchrt, geben Sie uns bitte Bescheid, damit wir diesen Link pr\u00fcfen und gegebenenfalls entfernen k\u00f6nnen.<\/p>\n<p>3. Urheber- und Kennzeichenrecht<br \/>\nDie oben aufgef\u00fchrte Einrichtung ist bestrebt, in allen Publikationen die Urheberrechte der verwendeten Grafiken, Tondokumente, Videosequenzen und Texte zu beachten, von ihr selbst erstellte Grafiken, Tondokumente, Videosequenzen und Texte zu nutzen oder auf lizenzfreie Grafiken, Tondokumente, Videosequenzen und Texte zur\u00fcckzugreifen. Alle innerhalb des Internetangebotes genannten und ggf. durch Dritte gesch\u00fctzten Marken- und Warenzeichen unterliegen uneingeschr\u00e4nkt den Bestimmungen des jeweils g\u00fcltigen Kennzeichenrechts und den Besitzrechten der jeweiligen eingetragenen Eigent\u00fcmer. Allein aufgrund der blo\u00dfen Nennung ist nicht der Schluss zu ziehen, dass Markenzeichen nicht durch Rechte Dritter gesch\u00fctzt sind! Das Copyright f\u00fcr ver\u00f6ffentlichte, von der Einrichtung selbst erstellte Objekte bleibt allein bei den Autoren der Seiten. Eine Vervielf\u00e4ltigung oder Verwendung solcher Grafiken, Tondokumente, Videosequenzen und Texte in anderen elektronischen oder gedruckten Publikationen ist ohne ausdr\u00fcckliche Zustimmung der oben aufgef\u00fchrten Einrichtung nicht gestattet.<\/p>\n<p>4. Rechtswirksamkeit dieses Haftungsausschlusses<br \/>\nDieser Haftungsausschluss ist als Teil des Internetangebotes zu betrachten, von dem aus auf diese Seite verwiesen wurde. Sofern Teile oder einzelne Formulierungen dieses Textes der geltenden Rechtslage nicht, nicht mehr oder nicht vollst\u00e4ndig entsprechen sollten, bleiben die \u00fcbrigen Teile des Dokumentes in ihrem Inhalt und ihrer G\u00fcltigkeit davon unber\u00fchrt.<\/p>\n","protected":false},"excerpt":{"rendered":"<p>Impressum Verantwortlich f\u00fcr den Inhalt dieser Webseiten i.S.d. \u00a75 Abs. 1 des Telemediengesetzes (TMG): Evangelischer Kirchenbezirk Marbach a.N.\/ Diakonische Bezirksstelle Marbach, Bahnhofstr. 10, 71672 Marbach a.N. Telefon: 07144-97375 Verantwortlicher f\u00fcr den Inhalt dieser Website i.S. d. \u00a7 55 RStV: Rainer Bauer, Gesch\u00e4ftsf\u00fchrer Telefon: 07144-97375 Fax: 07144-17605 Mail: r.bauer@diakonie-marbach.de Die Diakonische Bezirksstelle Marbach ist als K\u00f6rperschaft des \u00f6ffentlichen Rechts kein Unternehmen im Sinne des Verbraucherstreitbeilegungsgesetzes (VSBG). Daher ist die Beratungsstelle nicht bereit an Streitbeilegungsverfahren vor einer Verbraucherschlichtungsstelle teilzunehmen. Haftungsausschluss 1. Inhalt des Onlineangebotes Unsere Inhalte sind sorgf\u00e4ltig recherchiert und erstellt. Dennoch k\u00f6nnen wir keinerlei Gew\u00e4hr f\u00fcr die Aktualit\u00e4t, Korrektheit oder Vollst\u00e4ndigkeit der bereitgestellten Informationen \u00fcbernehmen. Haftungsanspr\u00fcche gegen die oben aufgef\u00fchrte Einrichtung, welche sich auf Sch\u00e4den materieller oder ideeller Art beziehen, die durch die Nutzung oder Nichtnutzung der dargebotenen Informationen bzw. durch die Nutzung fehlerhafter und unvollst\u00e4ndiger Informationen verursacht wurden sind grunds\u00e4tzlich ausgeschlossen, sofern seitens der Einrichtung kein nachweislich vors\u00e4tzliches oder grob fahrl\u00e4ssiges Verschulden vorliegt. Alle Angebote sind freibleibend und unverbindlich. Die Einrichtung beh\u00e4lt es sich ausdr\u00fccklich vor, Teile der Seiten oder das gesamte Angebot ohne gesonderte Ank\u00fcndigung zu ver\u00e4ndern, zu erg\u00e4nzen, zu l\u00f6schen oder die Ver\u00f6ffentlichung zeitweise oder endg\u00fcltig einzustellen. 2. Verweise und Links Die oben Einrichtung ist nur f\u00fcr die &#8222;eigenen Inhalte&#8220;, also f\u00fcr diesen Internetauftritt, nach den allgemeinen Gesetzen verantwortlich. Von diesen eigenen Inhalten sind Verweise (&#8222;Links&#8220;) zu anderen Webauftritten zu unterscheiden. Durch diese Links halten wir &#8222;fremde Inhalte&#8220; zur Nutzung bereit. Zum Zeitpunkt der Verlinkung haben wir den &#8222;fremden Inhalt&#8220; der verlinkten Seiten daraufhin \u00fcberpr\u00fcft, dass durch ihn keine m\u00f6gliche zivilrechtliche oder strafrechtliche Verantwortlichkeit ausgel\u00f6st wird. Wir k\u00f6nnen jedoch nicht st\u00e4ndig die Links auf unseren Seiten auf Ver\u00e4nderungen, die eine Verantwortlichkeit neu begr\u00fcnden k\u00f6nnten, kontrollieren. Wenn Sie den Eindruck haben, dass ein Link in unserem Webauftritt zu fremden Internetseiten mit rechtswidrigem oder strafrechtlichem Inhalt f\u00fchrt, geben Sie uns bitte Bescheid, damit wir diesen Link pr\u00fcfen und gegebenenfalls entfernen k\u00f6nnen. 3. Urheber- und Kennzeichenrecht Die oben aufgef\u00fchrte Einrichtung ist bestrebt, in allen Publikationen die Urheberrechte der verwendeten Grafiken, Tondokumente, Videosequenzen und Texte zu beachten, von ihr selbst erstellte Grafiken, Tondokumente, Videosequenzen und Texte zu nutzen oder auf lizenzfreie Grafiken, Tondokumente, Videosequenzen und Texte zur\u00fcckzugreifen. Alle innerhalb des Internetangebotes genannten und ggf. durch Dritte gesch\u00fctzten Marken- und Warenzeichen unterliegen uneingeschr\u00e4nkt den Bestimmungen des jeweils g\u00fcltigen Kennzeichenrechts und den Besitzrechten der jeweiligen eingetragenen Eigent\u00fcmer. Allein aufgrund der blo\u00dfen Nennung ist nicht der Schluss zu ziehen, dass Markenzeichen nicht durch Rechte Dritter gesch\u00fctzt sind! Das Copyright f\u00fcr ver\u00f6ffentlichte, von der Einrichtung selbst erstellte Objekte bleibt allein bei den Autoren der Seiten. Eine Vervielf\u00e4ltigung oder Verwendung solcher Grafiken, Tondokumente, Videosequenzen und Texte in anderen elektronischen oder gedruckten Publikationen ist ohne ausdr\u00fcckliche Zustimmung der oben aufgef\u00fchrten Einrichtung nicht gestattet. 4. Rechtswirksamkeit dieses Haftungsausschlusses Dieser Haftungsausschluss ist als Teil des Internetangebotes zu betrachten, von dem aus auf diese Seite verwiesen wurde. Sofern Teile oder einzelne Formulierungen dieses Textes der geltenden Rechtslage nicht, nicht mehr oder nicht vollst\u00e4ndig entsprechen sollten, bleiben die \u00fcbrigen Teile des Dokumentes in ihrem Inhalt und ihrer G\u00fcltigkeit davon unber\u00fchrt.<\/p>\n","protected":false},"author":1,"featured_media":0,"parent":0,"menu_order":0,"comment_status":"closed","ping_status":"closed","template":"","meta":{"ngg_post_thumbnail":0,"footnotes":""},"class_list":["post-113","page","type-page","status-publish","hentry"],"_links":{"self":[{"href":"https:\/\/www.diakonie-marbach.de\/index.php\/wp-json\/wp\/v2\/pages\/113","targetHints":{"allow":["GET"]}}],"collection":[{"href":"https:\/\/www.diakonie-marbach.de\/index.php\/wp-json\/wp\/v2\/pages"}],"about":[{"href":"https:\/\/www.diakonie-marbach.de\/index.php\/wp-json\/wp\/v2\/types\/page"}],"author":[{"embeddable":true,"href":"https:\/\/www.diakonie-marbach.de\/index.php\/wp-json\/wp\/v2\/users\/1"}],"replies":[{"embeddable":true,"href":"https:\/\/www.diakonie-marbach.de\/index.php\/wp-json\/wp\/v2\/comments?post=113"}],"version-history":[{"count":8,"href":"https:\/\/www.diakonie-marbach.de\/index.php\/wp-json\/wp\/v2\/pages\/113\/revisions"}],"predecessor-version":[{"id":1562,"href":"https:\/\/www.diakonie-marbach.de\/index.php\/wp-json\/wp\/v2\/pages\/113\/revisions\/1562"}],"wp:attachment":[{"href":"https:\/\/www.diakonie-marbach.de\/index.php\/wp-json\/wp\/v2\/media?parent=113"}],"curies":[{"name":"wp","href":"https:\/\/api.w.org\/{rel}","templated":true}]}}